{"id":129619,"date":"2023-03-15T10:46:33","date_gmt":"2023-03-15T09:46:33","guid":{"rendered":"https:\/\/www.clever-fit.com\/karriere\/"},"modified":"2026-04-08T10:15:35","modified_gmt":"2026-04-08T08:15:35","slug":"karriere","status":"publish","type":"page","link":"https:\/\/www.clever-fit.com\/de-CH\/karriere\/","title":{"rendered":"Karriere"},"content":{"rendered":"\t\t<div data-elementor-type=\"wp-page\" data-elementor-id=\"129619\" class=\"elementor elementor-129619 elementor-120695\" data-elementor-post-type=\"page\">\n\t\t\t\t<div data-particle_enable=\"false\" data-particle-mobile-disabled=\"false\" class=\"elementor-element elementor-element-4743a16 e-con-full e-flex e-con e-parent\" data-id=\"4743a16\" data-element_type=\"container\" data-e-type=\"container\" data-settings=\"{&quot;background_background&quot;:&quot;classic&quot;}\">\n\t\t<div data-particle_enable=\"false\" data-particle-mobile-disabled=\"false\" class=\"elementor-element elementor-element-c4e006a e-flex e-con-boxed e-con e-child\" data-id=\"c4e006a\" data-element_type=\"container\" data-e-type=\"container\">\n\t\t\t\t\t<div class=\"e-con-inner\">\n\t\t\t\t\t<\/div>\n\t\t\t\t<\/div>\n\t\t<div data-particle_enable=\"false\" data-particle-mobile-disabled=\"false\" class=\"elementor-element elementor-element-777d8d99 e-con-full e-flex e-con e-child\" data-id=\"777d8d99\" data-element_type=\"container\" data-e-type=\"container\">\n\t\t\t\t<div class=\"elementor-element elementor-element-25b4ae9b elementor-widget elementor-widget-cle-title\" data-id=\"25b4ae9b\" data-element_type=\"widget\" data-e-type=\"widget\" data-widget_type=\"cle-title.default\">\n\t\t\t\t<div class=\"elementor-widget-container\">\n\t\t\t\t\t        <div class=\"cle-title white-on-black small skew\">\n\n                            <div class=\"cle-title__row-1\">\n                    WERDE                <\/div>\n                \n                            <div class=\"cle-title__row-2\">\n                    ENTERT(R)AINER                <\/div>\n                \n            \n                            <div class=\"cle-title__subtitle\">\n                    ABER SEI VIEL MEHR.                <\/div>\n                \n                            <div class=\"cle-title__text-box\">\n                    Als Trainer bist du Vorbild, Berater und Vertrauensperson. Denn mit deiner Arbeit machst du Tr\u00e4ume wahr. Und du bist der entscheidende Faktor, der unsere Studios zu Top-Locations macht. F\u00fcr Mitglieder, das Team und dich selbst.                 <\/div>\n                \n        <\/div>\n        \t\t\t\t<\/div>\n\t\t\t\t<\/div>\n\t\t\t\t<\/div>\n\t\t\t\t<div class=\"elementor-element elementor-element-7188df85 elementor-widget elementor-widget-spacer\" data-id=\"7188df85\" data-element_type=\"widget\" data-e-type=\"widget\" data-widget_type=\"spacer.default\">\n\t\t\t\t<div class=\"elementor-widget-container\">\n\t\t\t\t\t\t\t<div class=\"elementor-spacer\">\n\t\t\t<div class=\"elementor-spacer-inner\"><\/div>\n\t\t<\/div>\n\t\t\t\t\t\t<\/div>\n\t\t\t\t<\/div>\n\t\t\t\t<\/div>\n\t\t<div data-particle_enable=\"false\" data-particle-mobile-disabled=\"false\" class=\"elementor-element elementor-element-4204905 e-flex e-con-boxed e-con e-parent\" data-id=\"4204905\" data-element_type=\"container\" data-e-type=\"container\">\n\t\t\t\t\t<div class=\"e-con-inner\">\n\t\t\t\t<div class=\"elementor-element elementor-element-28595b3 elementor-widget elementor-widget-cle-breadcrumb\" data-id=\"28595b3\" data-element_type=\"widget\" data-e-type=\"widget\" data-widget_type=\"cle-breadcrumb.default\">\n\t\t\t\t<div class=\"elementor-widget-container\">\n\t\t\t\t\t        <div>\n            <div class=\"cle-breadcrumb__wrapper\"><nav class=\"cle-breadcrumb\"><a href=\"https:\/\/www.clever-fit.com\/de-CH\/\"><div class=\"cle-breadcrumb__home\">clever fit<\/div><\/a> <div class=\"cle-breadcrumb__divider\"><\/div> <div class=\"cle-breadcrumb__current-page\">Pages<\/span><\/nav><\/div><!-- cle-breadcrumb -->        <\/div>\n        \t\t\t\t<\/div>\n\t\t\t\t<\/div>\n\t\t\t\t\t<\/div>\n\t\t\t\t<\/div>\n\t\t<div data-particle_enable=\"false\" data-particle-mobile-disabled=\"false\" class=\"elementor-element elementor-element-9f1a82d e-flex e-con-boxed e-con e-parent\" data-id=\"9f1a82d\" data-element_type=\"container\" data-e-type=\"container\">\n\t\t\t\t\t<div class=\"e-con-inner\">\n\t\t\t\t<div class=\"elementor-element elementor-element-6a56500 elementor-widget elementor-widget-spacer\" data-id=\"6a56500\" data-element_type=\"widget\" data-e-type=\"widget\" data-widget_type=\"spacer.default\">\n\t\t\t\t<div class=\"elementor-widget-container\">\n\t\t\t\t\t\t\t<div class=\"elementor-spacer\">\n\t\t\t<div class=\"elementor-spacer-inner\"><\/div>\n\t\t<\/div>\n\t\t\t\t\t\t<\/div>\n\t\t\t\t<\/div>\n\t\t\t\t<div class=\"elementor-element elementor-element-4c216ba elementor-widget elementor-widget-heading\" data-id=\"4c216ba\" data-element_type=\"widget\" data-e-type=\"widget\" data-widget_type=\"heading.default\">\n\t\t\t\t<div class=\"elementor-widget-container\">\n\t\t\t\t\t<h1 class=\"elementor-heading-title elementor-size-default\">Karriere bei clever&#160;fit<\/h1>\t\t\t\t<\/div>\n\t\t\t\t<\/div>\n\t\t\t\t<div class=\"elementor-element elementor-element-c8c7f7c elementor-widget elementor-widget-text-editor\" data-id=\"c8c7f7c\" data-element_type=\"widget\" data-e-type=\"widget\" data-widget_type=\"text-editor.default\">\n\t\t\t\t<div class=\"elementor-widget-container\">\n\t\t\t\t\t\n<p>Du hast viele Talente. Ob auf der Trainingsfl\u00e4che oder im Management.<\/p>\n<p>Mit dir werden unsere Studios zu einem ganz besonderen Ort!<\/p>\n<p>Wir zeigen dir, wie du deine Zukunft mit uns gestalten kannst.<\/p>\n\t\t\t\t<\/div>\n\t\t\t\t<\/div>\n\t\t\t\t<div class=\"elementor-element elementor-element-0622eb4 elementor-widget elementor-widget-spacer\" data-id=\"0622eb4\" data-element_type=\"widget\" data-e-type=\"widget\" data-widget_type=\"spacer.default\">\n\t\t\t\t<div class=\"elementor-widget-container\">\n\t\t\t\t\t\t\t<div class=\"elementor-spacer\">\n\t\t\t<div class=\"elementor-spacer-inner\"><\/div>\n\t\t<\/div>\n\t\t\t\t\t\t<\/div>\n\t\t\t\t<\/div>\n\t\t\t\t<div class=\"elementor-element elementor-element-c5df261 elementor-widget elementor-widget-text-editor\" data-id=\"c5df261\" data-element_type=\"widget\" data-e-type=\"widget\" data-widget_type=\"text-editor.default\">\n\t\t\t\t<div class=\"elementor-widget-container\">\n\t\t\t\t\t\n<p>Finde deinen Job in einem von 23 clever fit Studios<\/p>\n\t\t\t\t<\/div>\n\t\t\t\t<\/div>\n\t\t\t\t<div class=\"elementor-element elementor-element-788bcc5 elementor-button-secondary_alt elementor-widget elementor-widget-button\" data-id=\"788bcc5\" data-element_type=\"widget\" data-e-type=\"widget\" data-widget_type=\"button.default\">\n\t\t\t\t<div class=\"elementor-widget-container\">\n\t\t\t\t\t\t\t\t\t<div class=\"elementor-button-wrapper\">\n\t\t\t\t\t<a class=\"elementor-button elementor-button-link elementor-size-sm\" href=\"https:\/\/www.clever-fit.com\/de-CH\/karriere\/job-suche\/\">\n\t\t\t\t\t\t<span class=\"elementor-button-content-wrapper\">\n\t\t\t\t\t\t\t\t\t<span class=\"elementor-button-text\">Zu den Jobs<\/span>\n\t\t\t\t\t<\/span>\n\t\t\t\t\t<\/a>\n\t\t\t\t<\/div>\n\t\t\t\t\t\t\t\t<\/div>\n\t\t\t\t<\/div>\n\t\t\t\t<div class=\"elementor-element elementor-element-a361a52 elementor-widget elementor-widget-spacer\" data-id=\"a361a52\" data-element_type=\"widget\" data-e-type=\"widget\" data-widget_type=\"spacer.default\">\n\t\t\t\t<div class=\"elementor-widget-container\">\n\t\t\t\t\t\t\t<div class=\"elementor-spacer\">\n\t\t\t<div class=\"elementor-spacer-inner\"><\/div>\n\t\t<\/div>\n\t\t\t\t\t\t<\/div>\n\t\t\t\t<\/div>\n\t\t\t\t\t<\/div>\n\t\t\t\t<\/div>\n\t\t<div data-particle_enable=\"false\" data-particle-mobile-disabled=\"false\" class=\"elementor-element elementor-element-4fffc21 e-con-full e-flex e-con e-parent\" data-id=\"4fffc21\" data-element_type=\"container\" data-e-type=\"container\" data-settings=\"{&quot;background_background&quot;:&quot;classic&quot;}\">\n\t\t<div data-particle_enable=\"false\" data-particle-mobile-disabled=\"false\" class=\"elementor-element elementor-element-67a4b59 e-flex e-con-boxed e-con e-child\" data-id=\"67a4b59\" data-element_type=\"container\" data-e-type=\"container\">\n\t\t\t\t\t<div class=\"e-con-inner\">\n\t\t\t\t<div class=\"elementor-element elementor-element-c4520b4 elementor-widget elementor-widget-heading\" data-id=\"c4520b4\" data-element_type=\"widget\" data-e-type=\"widget\" data-widget_type=\"heading.default\">\n\t\t\t\t<div class=\"elementor-widget-container\">\n\t\t\t\t\t<h2 class=\"elementor-heading-title elementor-size-default\">Deine Benefits bei clever fit Schweiz<\/h2>\t\t\t\t<\/div>\n\t\t\t\t<\/div>\n\t\t\t\t<div class=\"elementor-element elementor-element-27bdb19 elementor-widget elementor-widget-text-editor\" data-id=\"27bdb19\" data-element_type=\"widget\" data-e-type=\"widget\" data-widget_type=\"text-editor.default\">\n\t\t\t\t<div class=\"elementor-widget-container\">\n\t\t\t\t\t\n<ul>\n<li>Du bekommst bei clever fit einen fair bezahlten Job mit flexiblen Arbeitszeiten.<\/li>\n<li>Bei clever fit hast du vielf\u00e4ltige Aufstiegsm\u00f6glichkeiten von der Trainingsfl\u00e4che bis zum Management.<\/li>\n<li>Du kannst gezielte Weiterbildungen wahrnehmen durch unsere eigene clever fit Aus- und Weiterbildungsakademie (auch in Kooperation mit dem IST Bildungsinstitut und der BSA Akademie) und so beruflich immer weiterkommen.<\/li>\n<li>Du arbeitest in modernen Studios mit Ger\u00e4ten der hochwertigsten Marken.<\/li>\n<li>Deine Kollegen und Mitarbeiter haben die gleiche Leidenschaft wie du. Das verspricht ein Arbeitsklima, in dem du dich wohlf\u00fchlen wirst.<\/li>\n<li>Und nat\u00fcrlich trainierst du bei uns kostenlos.<\/li>\n<\/ul>\n\t\t\t\t<\/div>\n\t\t\t\t<\/div>\n\t\t\t\t\t<\/div>\n\t\t\t\t<\/div>\n\t\t\t\t<\/div>\n\t\t<a data-particle_enable=\"false\" data-particle-mobile-disabled=\"false\" class=\"elementor-element elementor-element-c04a68a e-con-full e-flex e-con e-parent\" data-id=\"c04a68a\" data-element_type=\"container\" data-e-type=\"container\" href=\"https:\/\/www.clever-fit.com\/de\/karriere\/job-faktencheck\/\">\n\t\t\t\t<div class=\"elementor-element elementor-element-ef76b63 elementor-widget elementor-widget-cle-heading23\" data-id=\"ef76b63\" data-element_type=\"widget\" data-e-type=\"widget\" data-widget_type=\"cle-heading23.default\">\n\t\t\t\t<div class=\"elementor-widget-container\">\n\t\t\t\t\t        <div class=\"cle-heading23 \">\n\n                            <div class=\"cle-heading23__row-1\">\n                    IST IM FITNESSSTUDIO NICHT EINFACH JEDER TRAINER?                <\/div>\n                \n                            <div class=\"cle-heading23__row-2\">\n                    NAT\u00dcRLICH NICHT! UNSERE ERFOLGSSTORIES:                <\/div>\n                \n            \n        <\/div>\n        \t\t\t\t<\/div>\n\t\t\t\t<\/div>\n\t\t\t\t<\/a>\n\t\t<div data-particle_enable=\"false\" data-particle-mobile-disabled=\"false\" class=\"elementor-element elementor-element-88f634f e-con-full e-flex e-con e-parent\" data-id=\"88f634f\" data-element_type=\"container\" data-e-type=\"container\" data-settings=\"{&quot;background_background&quot;:&quot;classic&quot;}\">\n\t\t<div data-particle_enable=\"false\" data-particle-mobile-disabled=\"false\" class=\"elementor-element elementor-element-337df954 e-flex e-con-boxed e-con e-child\" data-id=\"337df954\" data-element_type=\"container\" data-e-type=\"container\">\n\t\t\t\t\t<div class=\"e-con-inner\">\n\t\t\t\t\t<\/div>\n\t\t\t\t<\/div>\n\t\t<div data-particle_enable=\"false\" data-particle-mobile-disabled=\"false\" class=\"elementor-element elementor-element-7eb1e9d7 e-con-full e-flex e-con e-child\" data-id=\"7eb1e9d7\" data-element_type=\"container\" data-e-type=\"container\">\n\t\t\t\t<div class=\"elementor-element elementor-element-508fde7c elementor-widget elementor-widget-cle-title\" data-id=\"508fde7c\" data-element_type=\"widget\" data-e-type=\"widget\" data-widget_type=\"cle-title.default\">\n\t\t\t\t<div class=\"elementor-widget-container\">\n\t\t\t\t\t        <div class=\"cle-title white-on-black small skew\">\n\n            \n                            <div class=\"cle-title__row-2\">\n                    Mach Karriere                <\/div>\n                \n                            <div class=\"cle-title__row-3\">\n                    bei clever fit                <\/div>\n                \n            \n            \n        <\/div>\n        \t\t\t\t<\/div>\n\t\t\t\t<\/div>\n\t\t\t\t<\/div>\n\t\t<div data-particle_enable=\"false\" data-particle-mobile-disabled=\"false\" class=\"elementor-element elementor-element-641878bf e-con-full e-flex e-con e-child\" data-id=\"641878bf\" data-element_type=\"container\" data-e-type=\"container\">\n\t\t\t\t<div class=\"elementor-element elementor-element-77162e4 elementor-widget elementor-widget-button\" data-id=\"77162e4\" data-element_type=\"widget\" data-e-type=\"widget\" data-widget_type=\"button.default\">\n\t\t\t\t<div class=\"elementor-widget-container\">\n\t\t\t\t\t\t\t\t\t<div class=\"elementor-button-wrapper\">\n\t\t\t\t\t<a class=\"elementor-button elementor-button-link elementor-size-sm\" href=\"\/de-CH\/karriere\/erfolgsstories\/\">\n\t\t\t\t\t\t<span class=\"elementor-button-content-wrapper\">\n\t\t\t\t\t\t\t\t\t<span class=\"elementor-button-text\">Unsere Erfolgsstories<\/span>\n\t\t\t\t\t<\/span>\n\t\t\t\t\t<\/a>\n\t\t\t\t<\/div>\n\t\t\t\t\t\t\t\t<\/div>\n\t\t\t\t<\/div>\n\t\t\t\t<\/div>\n\t\t\t\t<div class=\"elementor-element elementor-element-16b857f elementor-widget elementor-widget-spacer\" data-id=\"16b857f\" data-element_type=\"widget\" data-e-type=\"widget\" data-widget_type=\"spacer.default\">\n\t\t\t\t<div class=\"elementor-widget-container\">\n\t\t\t\t\t\t\t<div class=\"elementor-spacer\">\n\t\t\t<div class=\"elementor-spacer-inner\"><\/div>\n\t\t<\/div>\n\t\t\t\t\t\t<\/div>\n\t\t\t\t<\/div>\n\t\t\t\t<div class=\"elementor-element elementor-element-1d823513 elementor-widget elementor-widget-spacer\" data-id=\"1d823513\" data-element_type=\"widget\" data-e-type=\"widget\" data-widget_type=\"spacer.default\">\n\t\t\t\t<div class=\"elementor-widget-container\">\n\t\t\t\t\t\t\t<div class=\"elementor-spacer\">\n\t\t\t<div class=\"elementor-spacer-inner\"><\/div>\n\t\t<\/div>\n\t\t\t\t\t\t<\/div>\n\t\t\t\t<\/div>\n\t\t\t\t<\/div>\n\t\t<div data-particle_enable=\"false\" data-particle-mobile-disabled=\"false\" class=\"elementor-element elementor-element-0e9de9f e-con-full e-flex e-con e-parent\" data-id=\"0e9de9f\" data-element_type=\"container\" data-e-type=\"container\">\n\t\t\t\t<div class=\"elementor-element elementor-element-d81e79a elementor-widget elementor-widget-spacer\" data-id=\"d81e79a\" data-element_type=\"widget\" data-e-type=\"widget\" data-widget_type=\"spacer.default\">\n\t\t\t\t<div class=\"elementor-widget-container\">\n\t\t\t\t\t\t\t<div class=\"elementor-spacer\">\n\t\t\t<div class=\"elementor-spacer-inner\"><\/div>\n\t\t<\/div>\n\t\t\t\t\t\t<\/div>\n\t\t\t\t<\/div>\n\t\t\t\t<div class=\"elementor-element elementor-element-6e95c94 elementor-widget elementor-widget-cle-heading23\" data-id=\"6e95c94\" data-element_type=\"widget\" data-e-type=\"widget\" data-widget_type=\"cle-heading23.default\">\n\t\t\t\t<div class=\"elementor-widget-container\">\n\t\t\t\t\t        <div class=\"cle-heading23 \">\n\n                            <div class=\"cle-heading23__row-1\">\n                    LIFESTYLECOACH? MOTIVATOR? BERATER?                <\/div>\n                \n                            <div class=\"cle-heading23__row-2\">\n                    WER BIST DU HEUTE? WER WILLST DU WERDEN?                <\/div>\n                \n            \n        <\/div>\n        \t\t\t\t<\/div>\n\t\t\t\t<\/div>\n\t\t\t\t<\/div>\n\t\t<div data-particle_enable=\"false\" data-particle-mobile-disabled=\"false\" class=\"elementor-element elementor-element-d0a4c78 e-con-full e-flex e-con e-parent\" data-id=\"d0a4c78\" data-element_type=\"container\" data-e-type=\"container\" data-settings=\"{&quot;background_background&quot;:&quot;classic&quot;}\">\n\t\t<div data-particle_enable=\"false\" data-particle-mobile-disabled=\"false\" class=\"elementor-element elementor-element-b4630da e-flex e-con-boxed e-con e-child\" data-id=\"b4630da\" data-element_type=\"container\" data-e-type=\"container\">\n\t\t\t\t\t<div class=\"e-con-inner\">\n\t\t\t\t<div class=\"elementor-element elementor-element-a0361e3 elementor-widget elementor-widget-text-editor\" data-id=\"a0361e3\" data-element_type=\"widget\" data-e-type=\"widget\" data-widget_type=\"text-editor.default\">\n\t\t\t\t<div class=\"elementor-widget-container\">\n\t\t\t\t\t\n<p>F\u00fcr fast 1 Millionen Mitglieder sind unsere clever fit Studios ein wichtiger Ort. Sie besuchen ihn, weil sie hier optimale Bedingungen finden, um auf ihre pers\u00f6nlichen Ziele hinzuarbeiten:<br \/>Gesundheit und Wohlbefinden.<\/p>\n<p>Als Mitarbeiter bewahrst du diesen wichtigen Ort und unterst\u00fctzt unsere Mitglieder dabei, ihr Ziel erreichen zu k\u00f6nnen. Wir bieten ein ONECOMMUNITY Arbeitsumfeld, in dem wir f\u00fcreinander da sind und uns gegenseitig wertsch\u00e4tzend f\u00f6rdern.<\/p>\n\t\t\t\t<\/div>\n\t\t\t\t<\/div>\n\t\t\t\t\t<\/div>\n\t\t\t\t<\/div>\n\t\t\t\t<\/div>\n\t\t<div data-particle_enable=\"false\" data-particle-mobile-disabled=\"false\" class=\"elementor-element elementor-element-27339a8 e-con-full e-flex e-con e-parent\" data-id=\"27339a8\" data-element_type=\"container\" data-e-type=\"container\" data-settings=\"{&quot;background_background&quot;:&quot;classic&quot;}\">\n\t\t<div data-particle_enable=\"false\" data-particle-mobile-disabled=\"false\" class=\"elementor-element elementor-element-5a693722 e-flex e-con-boxed e-con e-child\" data-id=\"5a693722\" data-element_type=\"container\" data-e-type=\"container\">\n\t\t\t\t\t<div class=\"e-con-inner\">\n\t\t\t\t\t<\/div>\n\t\t\t\t<\/div>\n\t\t<div data-particle_enable=\"false\" data-particle-mobile-disabled=\"false\" class=\"elementor-element elementor-element-105f9adc e-con-full e-flex e-con e-child\" data-id=\"105f9adc\" data-element_type=\"container\" data-e-type=\"container\">\n\t\t\t\t<div class=\"elementor-element elementor-element-5f591872 elementor-widget elementor-widget-cle-title\" data-id=\"5f591872\" data-element_type=\"widget\" data-e-type=\"widget\" data-widget_type=\"cle-title.default\">\n\t\t\t\t<div class=\"elementor-widget-container\">\n\t\t\t\t\t        <div class=\"cle-title white-on-black small skew\">\n\n                            <div class=\"cle-title__row-1\">\n                    Ausbildung                <\/div>\n                \n                            <div class=\"cle-title__row-2\">\n                    Unsere                <\/div>\n                \n                            <div class=\"cle-title__row-3\">\n                    Heldenschmiede                <\/div>\n                \n            \n            \n        <\/div>\n        \t\t\t\t<\/div>\n\t\t\t\t<\/div>\n\t\t\t\t<\/div>\n\t\t\t\t<div class=\"elementor-element elementor-element-66d0fc1b elementor-widget elementor-widget-spacer\" data-id=\"66d0fc1b\" data-element_type=\"widget\" data-e-type=\"widget\" data-widget_type=\"spacer.default\">\n\t\t\t\t<div class=\"elementor-widget-container\">\n\t\t\t\t\t\t\t<div class=\"elementor-spacer\">\n\t\t\t<div class=\"elementor-spacer-inner\"><\/div>\n\t\t<\/div>\n\t\t\t\t\t\t<\/div>\n\t\t\t\t<\/div>\n\t\t\t\t<\/div>\n\t\t<div data-particle_enable=\"false\" data-particle-mobile-disabled=\"false\" class=\"elementor-element elementor-element-7c1c85b e-flex e-con-boxed e-con e-parent\" data-id=\"7c1c85b\" data-element_type=\"container\" data-e-type=\"container\">\n\t\t\t\t\t<div class=\"e-con-inner\">\n\t\t\t\t<div class=\"elementor-element elementor-element-e6c6ac8 elementor-widget elementor-widget-spacer\" data-id=\"e6c6ac8\" data-element_type=\"widget\" data-e-type=\"widget\" data-widget_type=\"spacer.default\">\n\t\t\t\t<div class=\"elementor-widget-container\">\n\t\t\t\t\t\t\t<div class=\"elementor-spacer\">\n\t\t\t<div class=\"elementor-spacer-inner\"><\/div>\n\t\t<\/div>\n\t\t\t\t\t\t<\/div>\n\t\t\t\t<\/div>\n\t\t\t\t<div class=\"elementor-element elementor-element-dfa3245 elementor-widget elementor-widget-heading\" data-id=\"dfa3245\" data-element_type=\"widget\" data-e-type=\"widget\" data-widget_type=\"heading.default\">\n\t\t\t\t<div class=\"elementor-widget-container\">\n\t\t\t\t\t<h2 class=\"elementor-heading-title elementor-size-default\">Weiterbildung in der Academy<\/h2>\t\t\t\t<\/div>\n\t\t\t\t<\/div>\n\t\t\t\t<div class=\"elementor-element elementor-element-e3587ab elementor-widget elementor-widget-text-editor\" data-id=\"e3587ab\" data-element_type=\"widget\" data-e-type=\"widget\" data-widget_type=\"text-editor.default\">\n\t\t\t\t<div class=\"elementor-widget-container\">\n\t\t\t\t\t\n<p>Weiterentwicklung hat f\u00fcr uns Priorit\u00e4t Nummer 1. Wir wollen, dass du deinen Job liebst und dass du den Wert erkennst, den du f\u00fcr andere hast. Durch deine Expertise, durch deine Leidenschaft und deine Motivation machen wir dich zum Helden. Dabei f\u00f6rdern wir unsere Mitarbeiter und begleiten sie auf ihrer Karriereleiter.<\/p>\n\t\t\t\t<\/div>\n\t\t\t\t<\/div>\n\t\t\t\t<div class=\"elementor-element elementor-element-f81e73f elementor-widget elementor-widget-spacer\" data-id=\"f81e73f\" data-element_type=\"widget\" data-e-type=\"widget\" data-widget_type=\"spacer.default\">\n\t\t\t\t<div class=\"elementor-widget-container\">\n\t\t\t\t\t\t\t<div class=\"elementor-spacer\">\n\t\t\t<div class=\"elementor-spacer-inner\"><\/div>\n\t\t<\/div>\n\t\t\t\t\t\t<\/div>\n\t\t\t\t<\/div>\n\t\t\t\t<div class=\"elementor-element elementor-element-0311c04 elementor-button-secondary_alt elementor-widget elementor-widget-button\" data-id=\"0311c04\" data-element_type=\"widget\" data-e-type=\"widget\" data-widget_type=\"button.default\">\n\t\t\t\t<div class=\"elementor-widget-container\">\n\t\t\t\t\t\t\t\t\t<div class=\"elementor-button-wrapper\">\n\t\t\t\t\t<a class=\"elementor-button elementor-button-link elementor-size-sm\" href=\"https:\/\/akademie.clever-fit.com\">\n\t\t\t\t\t\t<span class=\"elementor-button-content-wrapper\">\n\t\t\t\t\t\t\t\t\t<span class=\"elementor-button-text\">zur clever fit academy<\/span>\n\t\t\t\t\t<\/span>\n\t\t\t\t\t<\/a>\n\t\t\t\t<\/div>\n\t\t\t\t\t\t\t\t<\/div>\n\t\t\t\t<\/div>\n\t\t\t\t<div class=\"elementor-element elementor-element-887d1eb elementor-widget elementor-widget-spacer\" data-id=\"887d1eb\" data-element_type=\"widget\" data-e-type=\"widget\" data-widget_type=\"spacer.default\">\n\t\t\t\t<div class=\"elementor-widget-container\">\n\t\t\t\t\t\t\t<div class=\"elementor-spacer\">\n\t\t\t<div class=\"elementor-spacer-inner\"><\/div>\n\t\t<\/div>\n\t\t\t\t\t\t<\/div>\n\t\t\t\t<\/div>\n\t\t\t\t\t<\/div>\n\t\t\t\t<\/div>\n\t\t\t\t<\/div>\n\t\t","protected":false},"excerpt":{"rendered":"<p>WERDE ENTERT(R)AINER ABER SEI VIEL MEHR. Als Trainer bist du Vorbild, Berater und Vertrauensperson. Denn mit deiner Arbeit machst du Tr\u00e4ume wahr. Und du bist der entscheidende Faktor, der unsere [&hellip;]<\/p>\n","protected":false},"author":2,"featured_media":0,"parent":0,"menu_order":0,"comment_status":"closed","ping_status":"closed","template":"","meta":{"_acf_changed":false,"_seopress_robots_primary_cat":"","_seopress_titles_title":"Jobs im geilsten Gym \/ Karriere im clever fit Fitnessstudio","_seopress_titles_desc":"Alle Jobs bei clever fit Schweiz: schnapp dir deinen Job und mach mehr aus deiner Fitness-Karriere! \u00dcber 20 top Fitnessstudios warten \u2013 bewirb dich jetzt!","_seopress_robots_index":"","footnotes":""},"class_list":["post-129619","page","type-page","status-publish","hentry"],"acf":[],"_links":{"self":[{"href":"https:\/\/www.clever-fit.com\/de-CH\/wp-json\/wp\/v2\/pages\/129619","targetHints":{"allow":["GET"]}}],"collection":[{"href":"https:\/\/www.clever-fit.com\/de-CH\/wp-json\/wp\/v2\/pages"}],"about":[{"href":"https:\/\/www.clever-fit.com\/de-CH\/wp-json\/wp\/v2\/types\/page"}],"author":[{"embeddable":true,"href":"https:\/\/www.clever-fit.com\/de-CH\/wp-json\/wp\/v2\/users\/2"}],"replies":[{"embeddable":true,"href":"https:\/\/www.clever-fit.com\/de-CH\/wp-json\/wp\/v2\/comments?post=129619"}],"version-history":[{"count":15,"href":"https:\/\/www.clever-fit.com\/de-CH\/wp-json\/wp\/v2\/pages\/129619\/revisions"}],"predecessor-version":[{"id":359851,"href":"https:\/\/www.clever-fit.com\/de-CH\/wp-json\/wp\/v2\/pages\/129619\/revisions\/359851"}],"wp:attachment":[{"href":"https:\/\/www.clever-fit.com\/de-CH\/wp-json\/wp\/v2\/media?parent=129619"}],"curies":[{"name":"wp","href":"https:\/\/api.w.org\/{rel}","templated":true}]}}