{"id":3834,"date":"2022-09-08T00:28:34","date_gmt":"2022-09-07T22:28:34","guid":{"rendered":"https:\/\/www.clever-fit.com\/mitglied-werden\/"},"modified":"2024-07-24T16:02:22","modified_gmt":"2024-07-24T14:02:22","slug":"mitglied-werden","status":"publish","type":"page","link":"https:\/\/www.clever-fit.com\/de-CH\/mitglied-werden\/","title":{"rendered":"Mitglied werden"},"content":{"rendered":"\t\t<div data-elementor-type=\"wp-page\" data-elementor-id=\"3834\" class=\"elementor elementor-3834 elementor-1168\" data-elementor-post-type=\"page\">\n\t\t\t\t<div data-particle_enable=\"false\" data-particle-mobile-disabled=\"false\" class=\"elementor-element elementor-element-b89f408 e-flex e-con-boxed e-con e-parent\" data-id=\"b89f408\" data-element_type=\"container\" data-e-type=\"container\">\n\t\t\t\t\t<div class=\"e-con-inner\">\n\t\t\t\t<div class=\"elementor-element elementor-element-f81ca91 elementor-widget elementor-widget-heading\" data-id=\"f81ca91\" data-element_type=\"widget\" data-e-type=\"widget\" data-widget_type=\"heading.default\">\n\t\t\t\t<div class=\"elementor-widget-container\">\n\t\t\t\t\t<h1 class=\"elementor-heading-title elementor-size-default\">Mitglied werden<\/h1>\t\t\t\t<\/div>\n\t\t\t\t<\/div>\n\t\t\t\t\t<\/div>\n\t\t\t\t<\/div>\n\t\t<div data-particle_enable=\"false\" data-particle-mobile-disabled=\"false\" class=\"elementor-element elementor-element-cf005e3 e-flex e-con-boxed e-con e-parent\" data-id=\"cf005e3\" data-element_type=\"container\" data-e-type=\"container\">\n\t\t\t\t\t<div class=\"e-con-inner\">\n\t\t\t\t<div class=\"elementor-element elementor-element-cf1f32a elementor-widget elementor-widget-shortcode\" data-id=\"cf1f32a\" data-element_type=\"widget\" data-e-type=\"widget\" data-widget_type=\"shortcode.default\">\n\t\t\t\t<div class=\"elementor-widget-container\">\n\t\t\t\t\t\t\t<div class=\"elementor-shortcode\"><script type=\"text\/javascript\">\n                \/\/ noinspection JSAnnotator\n              var becomeMemberTextStrings = {\"chooseContractButton\":{\"becomeMember\":\"Vertrag w\\u00e4hlen\",\"tryout\":\"14 Tage testen\",\"trialSession\":\"Probetraining w\\u00e4hlen\",\"teaserBundles\":\"Teaser w\\u00e4hlen\"},\"whatsAppMarketing\":{\"agb\":\"\"},\"stepOne\":{\"heading\":\"Wo m\\u00f6chtest Du trainieren?\",\"navStepName\":\"Standort w\\u00e4hlen\",\"noTrialStudioFound\":\"Keine Studios f\\u00fcr Probetrainings gefunden \\u2013 m\\u00f6chtest du stattdessen nach einem Studio suchen?\",\"noTryoutStudioFound\":\"Keine Studios f\\u00fcr 14 Tage testen gefunden \\u2013 m\\u00f6chtest du stattdessen nach einem Probetraining suchen?\",\"goToSearch\":\"Zur Suche\",\"goToTrial\":\"Zu den Probetrainings\",\"noStudioFound\":\"Zu deiner Suchanfrage konnten keine Ergebnisse in der Schweiz gefunden werden. Falls du ein Studio in einem anderen Land suchst, wechsle in die L\\u00e4nder-Version der Website!\"},\"stepTwo\":{\"heading\":\"Welchen Vertrag m\\u00f6chtest du ausw\\u00e4hlen?\",\"headingTeaserBundles\":\"F\\u00fcr welchen Vertrag interessierst du dich?\",\"navStepName\":\"Mitgliedschaft w\\u00e4hlen\",\"chooseContractButton\":{\"becomeMember\":\"Vertrag w\\u00e4hlen\",\"tryout\":\"Jetzt testen\",\"trialSession\":\"Probetraining w\\u00e4hlen\",\"teaserBundles\":\"Teaser w\\u00e4hlen\"}},\"stepThree\":{\"heading\":\"Wir ben\\u00f6tigen noch ein paar Details\",\"headingTeaserBundles\":\"Kontaktiere uns f\\u00fcr Details zum gew\\u00fcnschten Vertrag!\",\"headingLeadForm\":\"Kontaktiere uns f\\u00fcr dein pers\\u00f6nliches Angebot!\",\"navStepName\":\"Details\",\"formIntro\":{\"becomeMember\":\"Um die cleverfit Leistungen f\\u00fcr Dich kontinuierlich zu verbessern zu k\\u00f6nnen und Dich bei Deinem Training noch besser begleiten und unterst\\u00fctzen zu k\\u00f6nnen, bitten wir Dich nachfolgend um Deine Einwilligung zu nachfolgenden Datenverarbeitungen. Einzelheiten hierzu erf\\u00e4hrst Du in unserer \\u003Ca href=\\\"\\\/de-CH\\\/datenschutz\\\" target=\\\"_blank\\\"\\u003EDatenschutzerkl\\u00e4rung\\u003C\\\/a\\u003E. \",\"tryout\":\"Um die cleverfit Leistungen f\\u00fcr Dich kontinuierlich zu verbessern zu k\\u00f6nnen und Dich bei Deinem Training noch besser begleiten und unterst\\u00fctzen zu k\\u00f6nnen, bitten wir Dich nachfolgend um Deine Einwilligung zu nachfolgenden Datenverarbeitungen. Einzelheiten hierzu erf\\u00e4hrst Du in unserer \\u003Ca href=\\\"\\\/de-CH\\\/datenschutz\\\" target=\\\"_blank\\\"\\u003EDatenschutzerkl\\u00e4rung\\u003C\\\/a\\u003E. \",\"trialSession\":\"Um die cleverfit Leistungen f\\u00fcr Dich kontinuierlich zu verbessern zu k\\u00f6nnen und Dich bei Deinem Training noch besser begleiten und unterst\\u00fctzen zu k\\u00f6nnen, bitten wir Dich nachfolgend um Deine Einwilligung zu nachfolgenden Datenverarbeitungen. Einzelheiten hierzu erf\\u00e4hrst Du in unserer \\u003Ca href=\\\"\\\/de-CH\\\/datenschutz\\\" target=\\\"_blank\\\"\\u003EDatenschutzerkl\\u00e4rung\\u003C\\\/a\\u003E. \"},\"formMarketingConsent\":{\"becomeMember\":\"Ich willige ein, dass die im Rahmen meines Besuchs der Website cleverfit.com von mir mitgeteilten und erhobenen Daten sowie meine Mitgliederbestandsdaten f\\u00fcr die Zwecke des Marketings, der Optimierung der Leistungen, der elektronischen Kontaktaufnahme bez\\u00fcglich eines Mitgliedschaftsvertrages\\\/-antrages mit einem Studio sowie zum Zwecke der werblichen Kontaktaufnahme durch die cleverfit GmbH und das Studio, an das sich meine Anfrage richtet oder mit dem eine Mitgliedschaft besteht, miteinander ausgetauscht, gespeichert und jeweils f\\u00fcr die vorbenannten Zwecke genutzt werden d\\u00fcrfen. \",\"tryout\":\"Ich willige ein, dass die im Rahmen meines Besuchs der Website cleverfit.com von mir mitgeteilten und erhobenen Daten sowie meine Mitgliederbestandsdaten f\\u00fcr die Zwecke des Marketings, der Optimierung der Leistungen, der elektronischen Kontaktaufnahme bez\\u00fcglich eines Mitgliedschaftsvertrages\\\/-antrages mit einem Studio sowie zum Zwecke der werblichen Kontaktaufnahme durch die cleverfit GmbH und das Studio, an das sich meine Anfrage richtet oder mit dem eine Mitgliedschaft besteht, miteinander ausgetauscht, gespeichert und jeweils f\\u00fcr die vorbenannten Zwecke genutzt werden d\\u00fcrfen. \",\"trialSession\":\"Ich willige ein, dass die im Rahmen meines Besuchs der Website cleverfit.com von mir mitgeteilten und erhobenen Daten sowie meine Mitgliederbestandsdaten f\\u00fcr die Zwecke des Marketings, der Optimierung der Leistungen, der elektronischen Kontaktaufnahme bez\\u00fcglich eines Mitgliedschaftsvertrages\\\/-antrages mit einem Studio sowie zum Zwecke der werblichen Kontaktaufnahme durch die cleverfit GmbH und das Studio, an das sich meine Anfrage richtet oder mit dem eine Mitgliedschaft besteht, miteinander ausgetauscht, gespeichert und jeweils f\\u00fcr die vorbenannten Zwecke genutzt werden d\\u00fcrfen. \"},\"formAGB\":{\"trialSession\":\"AGB - Das Studio gew\\u00e4hrt dem Mitglied w\\u00e4hrend der \\u00d6ffnungszeiten, die durch Aushang im Studio bekannt gegeben sind, gegen das vereinbarte Entgelt die in der Mitgliedschaftsvereinbarung festgelegten Leistungen. Die Nutzung der Einrichtungen des Studios ist nur mit g\\u00fcltiger Mitgliedschaft gestattet.\",\"becomeMember\":\"AGB - Das Studio gew\\u00e4hrt dem Mitglied w\\u00e4hrend der \\u00d6ffnungszeiten, die durch Aushang im Studio bekannt gegeben sind, gegen das vereinbarte Entgelt die in der Mitgliedschaftsvereinbarung festgelegten Leistungen. Die Nutzung der Einrichtungen des Studios ist nur mit g\\u00fcltiger Mitgliedschaft gestattet.\",\"tryout\":\"AGB - Das Studio gew\\u00e4hrt dem Mitglied w\\u00e4hrend der \\u00d6ffnungszeiten, die durch Aushang im Studio bekannt gegeben sind, gegen das vereinbarte Entgelt die in der Mitgliedschaftsvereinbarung festgelegten Leistungen. Die Nutzung der Einrichtungen des Studios ist nur mit g\\u00fcltiger Mitgliedschaft gestattet.\"},\"formNotice\":{\"trialSession\":\"Es gelten unsere Allgemeinen Gesch\\u00e4ftsbedingungen. Bitte beachte auch die Widerrufsbelehrung sowie unsere Datenschutzerkl\\u00e4rung.\",\"becomeMember\":\"Es gelten unsere Allgemeinen Gesch\\u00e4ftsbedingungen. Bitte beachte auch die Widerrufsbelehrung sowie unsere Datenschutzerkl\\u00e4rung.\",\"tryout\":\"Es gelten unsere Allgemeinen Gesch\\u00e4ftsbedingungen. Bitte beachte auch die Widerrufsbelehrung sowie unsere Datenschutzerkl\\u00e4rung.\"},\"formDates\":{\"becomeMember\":\"Deine Mitgliedschaft bei uns startet am %startDate%. Du darfst aber schon ab %useDate% bei uns trainieren.\",\"tryout\":\"Deine Mitgliedschaft bei uns startet am %startDate%. Du darfst aber schon ab %useDate% bei uns trainieren.\",\"trialSession\":\"Deine Mitgliedschaft bei uns startet am %startDate%. Du darfst aber schon ab %useDate% bei uns trainieren.\"},\"formDatesContractStart\":{\"becomeMember\":\"Deine Mitgliedschaft bei uns startet am %startDate%.\",\"tryout\":\"Deine Mitgliedschaft bei uns startet am %startDate%.\",\"trialSession\":\"Deine Mitgliedschaft bei uns startet am %startDate%.\"},\"formDatesPreUseStart\":{\"becomeMember\":\"Du darfst aber schon ab %useDate% bei uns trainieren.\",\"tryout\":\"Du darfst aber schon ab %useDate% bei uns trainieren.\",\"trialSession\":\"Du darfst aber schon ab %useDate% bei uns trainieren.\"},\"preUseText\":{\"becomeMember\":\"Die Tage bis zu deinem Vertragsbeginn werden dir anteilsm\\u00e4\\u00dfig kostenpflichtig berechnet.\",\"tryout\":\"Die Tage bis zu deinem Vertragsbeginn werden dir anteilsm\\u00e4\\u00dfig kostenpflichtig berechnet.\",\"trialSession\":\"Die Tage bis zu deinem Vertragsbeginn werden dir anteilsm\\u00e4\\u00dfig kostenpflichtig berechnet.\"},\"cancellationText\":\"Der Vertrag ist erstmals zum Ende der Erstlaufzeit ordentlich k\\u00fcndbar. Die K\\u00fcndigungsfrist zum Ende der Erstlaufzeit und w\\u00e4hrend der Vertragsverl\\u00e4ngerung betr\\u00e4gt %cancellationPeriod%.\",\"fillInAllFields\":\"Bitte f\\u00fclle alle Felder aus.\",\"acceptAGB\":\"Akzeptiere bitte unsere AGB.\",\"countries\":{\"title\":\"Land\",\"DE\":\"Deutschland\",\"AT\":\"\\u00d6sterreich\",\"CH\":\"Schweiz\",\"NL\":\"Niederlande\",\"IT\":\"Italien\",\"CZ\":\"Tschechien\",\"SI\":\"Slowenien\",\"RO\":\"Rum\\u00e4nien\",\"BE\":\"Belgien\",\"BG\":\"Bulgarien\",\"DK\":\"D\\u00e4nemark\",\"EE\":\"Estland\",\"FI\":\"Finnland\",\"FR\":\"Frankreich\",\"GR\":\"Griechenland\",\"IE\":\"Irland\",\"HR\":\"Kroatien\",\"LV\":\"Lettland\",\"LT\":\"Litauen\",\"LU\":\"Luxemburg\",\"MT\":\"Malta\",\"PL\":\"Polen\",\"PT\":\"Portugal\",\"SE\":\"Schweden\",\"SK\":\"Slowakei\",\"ES\":\"Spanien\",\"HU\":\"Ungarn\",\"CY\":\"Zypern\",\"IS\":\"Island\",\"LI\":\"Liechtenstein\",\"NO\":\"Norwegen\"},\"noTrialSessionBookable\":\"Bei diesem Studio ist leider kein Probetraining m\\u00f6glich!\",\"noTryoutBookable\":\"Bei diesem Studio ist leider kein 14 Tage testen m\\u00f6glich.\",\"noTimeSlots\":\"Bitte w\\u00e4hle einen Termin!\",\"timeSlotsHeading\":\"W\\u00e4hle deinen Termin\",\"timeSlotsDescription\":\"\",\"submit\":{\"tryout\":\"Jetzt testen\",\"trialSession\":\"Termin vereinbaren\",\"leadForm\":\"Anfragen\"},\"appointmentConflictError\":\"Der gew\\u00e4hlte Termin wurde leider in der Zwischenzeit vergeben.\",\"missingSignatureError\":\"Bitte unterschreibe im Unterschriftenfeld.\",\"paymentInfoCharsInfo\":\"Kontoinhaber bitte ohne Umlaute oder \\\"\\u00df\\\" eingeben\",\"paymentInfoCharsError\":\"Kontoinhaber bitte ohne Umlaute oder \\\"\\u00df\\\" eingeben\",\"paymentInfoSepa\":\"\",\"paymentInfoSepaFallback\":\"\",\"fillValidPhone\":\"Bitte gib eine g\\u00fcltige Telefonnummer an,\"},\"stepFour\":{\"heading\":\"Willkommen bei clever fit!\",\"headingTeaserBundles\":\"\",\"headingleadForm\":\"\",\"navStepName\":\"Starte Dein Training!\",\"additionalInfos\":{\"becomeMember\":\"\",\"tryout\":\"\",\"trialSession\":\"\",\"teaserBundles\":\"Danke f\\u00fcr deine Anfrage! Dein Studio meldet sich mit Details zu deiner Mitgliedschaft bei dir!\",\"leadForm\":\"Danke f\\u00fcr deine Anfrage! Dein Studio meldet sich bei dir mit allen Infos.\"},\"yourChosenDate\":\"Dein gew\\u00e4hltes Datum\",\"marketingMailThankYouContent\":\"\"},\"email\":{\"becomeMember\":\"\",\"tryout\":\"\",\"trialSession\":\"\",\"teaserBundles\":\"Danke f\\u00fcr deine Anfrage! Dein Studio meldet sich mit Details zu deiner Mitgliedschaft bei dir!\",\"leadForm\":\"Danke f\\u00fcr deine Anfrage! Dein Studio meldet sich bei dir mit allen Infos.\"},\"general\":{\"findStudio\":\"Studio finden\",\"chooseStudio\":\"Studio w\\u00e4hlen\",\"cityOrZipCode\":\"PLZ\",\"distance\":\"Entfernung\",\"services\":\"Services\",\"chooseContractDuration\":\"Laufzeit w\\u00e4hlen\",\"from\":\"Ab\",\"showAllServices\":\"Alle Benefits\",\"hideAllServices\":\"Benefits einklappen\",\"contractDetails\":\"Vertragsdetails\",\"membership\":\"Mitgliedschaft\",\"chooseOptionalModules\":\"Optionale Module w\\u00e4hlen\",\"chooseSelectableModules\":\"Kostenfreie Module w\\u00e4hlen\",\"selectableModulesMaxInfoSingular\":\"W\\u00e4hle dein kostenfreies Inklusivmodul\",\"selectableModulesMaxInfoPlural\":\"W\\u00e4hle bis zu %s kostenfreie Inklusivmodule\",\"selectableModulesMaxError\":\"Du hast die maximale Anzahl an erlaubten Modulen erreicht. Bitte entferne zuerst ein anderes Modul, um dieses Modul hinzuzuf\\u00fcgen.\",\"chooseTerm\":\"Laufzeit w\\u00e4hlen\",\"chooseContract\":\"Vertrag w\\u00e4hlen\",\"selectedStudio\":\"Gew\\u00e4hltes Studio\",\"accountDetails\":\"Account-Details\",\"email\":\"E-Mail\",\"phone\":\"Telefon\",\"personalData\":\"Pers\\u00f6nliche Daten\",\"cardOwner\":\"Kontoinhaber\",\"iban\":\"IBAN\",\"genders\":{\"title\":\"Bitte w\\u00e4hle\",\"FEMALE\":\"Frau\",\"MALE\":\"Herr\",\"UNISEX\":\"-\"},\"firstName\":\"Vorname\",\"lastName\":\"Nachname\",\"dateOfBirth\":\"Geburtsdatum\",\"dateOfBirthInfo\":\"Du musst mindestens 18 Jahre alt sein, um einen Vertrag abzuschlie\\u00dfen.\",\"dateOfBirthError\":\"Hinweis: Du musst mindestens 18 Jahre alt sein, um einen Vertrag abzuschlie\\u00dfen.\",\"dateOfBirthErrorAltMinimumAge\":\"Hinweis: Du bist nicht alt genug, um einen Vertrag abzuschlie\\u00dfen.\",\"minimumAge\":\"Mindestalter\",\"contact\":\"Kontakt\",\"street\":\"Stra\\u00dfe\",\"houseNumber\":\"Hausnr.\",\"zipCode\":\"PLZ\",\"city\":\"Stadt\",\"paymentDetails\":\"Zahlungsdetails\",\"studio\":\"Studio\",\"contractBundle\":\"Vertrags-Bundle\",\"optionalModules\":\"Optionale Module\",\"selectableModules\":\"Free modules\",\"yourBenefits\":\"Deine Vorteile\",\"timespanTerms\":{\"day\":\"Tag\",\"days\":\"Tage\",\"week\":\"Woche\",\"weeks\":\"Wochen\",\"month\":\"Monat\",\"months\":\"Monate\",\"year\":\"Jahr\",\"years\":\"Jahre\"},\"nonRecurring\":\"einmalig\",\"back\":\"Zur\\u00fcck\",\"submit\":\"abschicken\",\"fillOutAllFields\":\"Bitte f\\u00fclle alle Felder aus.\",\"checkAGBBox\":\"Please confirm our data-policy checkbox.\",\"formDateOfBirthError\":\"Dein Geburtsdatum scheint nicht zu stimmen\",\"formMailError\":\"Deine E-Mail-Adresse scheint Fehler zu enthalten.\",\"formIbanError\":\"Dein IBAN scheint Fehler zu enthalten.\",\"formInputError\":\"Ein unbekannter Fehler ist aufgetreten. Bitte \\u00fcberpr\\u00fcfe deine Eingaben und wende dich ggf. direkt an das Studio.\",\"emailNotValid\":\"E-Mail not valid.\",\"ibanNotValid\":\"Iban not valid.\",\"hallo\":\"Hallo\",\"yourCustomerId\":\"Deine Kundennummer\",\"visitStudio\":\"Auf in's Studio!\",\"yourRegistrationWasSuccessful\":\"Deine Anmeldung war erfolgreich!\",\"youReceiveAllInfosViaMail\":\"Du erh\\u00e4ltst alle weiteren Infos via E-Mail.\",\"contactYourStudioForFurtherInfo\":\"Kontaktiere dein Studio direkt f\\u00fcr weitere Infos\",\"pleaseConsider\":\"Bitte beachte\",\"our\":\"unsere\",\"agb\":\"AGB\",\"rightOfWithdrawal\":\"Widerrufsbelehrung\",\"dataProtection\":\"Datenschutzbestimmungen\",\"flatFees\":\"Geb\\u00fchren\",\"priceAdjustment\":\"Price adjustment\",\"priceAdjustments\":\"Preisanpassungen\",\"totalPrice\":\"Gesamtpreis\",\"price\":\"Preis\",\"chooseDifferentContract\":\"Anderen Vertrag w\\u00e4hlen\",\"signature\":\"Unterschrift\",\"chosenDate\":\"Gew\\u00e4hltes Datum\",\"weReceivedYourRequest\":\"Wir haben deine Anfrage erhalten\",\"noContractsFound\":\"F\\u00fcr dieses Studio konnten keine Vertr\\u00e4ge gefunden werden.\",\"referralCodeLabel\":\"Empfehlungscode\",\"referralCodeDescription\":\"Gib hier deinen Empfehlungscode ein\",\"referralCodeInvalid\":\"Der eingegebene Empfehlungscode ist ung\\u00fcltig.\",\"voucherCodeLabel\":\"Gutschein-Code\",\"voucherCodeDescription\":\"Hast du einen Gutschein-Code? Gib diesen hier ein und klicke auf \\\"Gutschein anwenden\\\", um deine Gutschrift zu erhalten!\",\"voucherCodeInvalid\":\"Gutschein-Code ist ung\\u00fcltig\",\"validateVoucherCode\":\"Gutschein anwenden\",\"deleteVoucherCode\":\"Gutschein entfernen\",\"pleaseEnterVoucherCode\":\"Bitte gib einen Gutschein-Code ein\",\"pleaseValidateVoucher\":\"Bitte wende deinen Gutschein an oder l\\u00f6sche deinen Gutschein-Code, um fortzufahren\",\"voucherCodeWasRemoved\":\"Gutscheincode wurde entfernt\",\"voucherNotComputed\":\"Achtung: Der Gesamtpreis kann durch das Einl\\u00f6sen eines Gutscheins abweichen!\",\"directDebit\":\"Bankeinzug\",\"creditCard\":\"Kreditkarte\",\"choosePaymentMethod\":\"Bitte w\\u00e4hlen Sie eine Zahlungsmethode\",\"pleaseAuthorizeCreditCard\":\"Bitte autorisieren Sie ihre Kreditkarte, um fortzufahren.\",\"creditCardAuthorized\":\"Kreditkarte wurde autorisiert!\",\"bonusPeriodInfoPostFix\":\"gratis!\",\"checkAllRequiredFields\":\"Bitte akzeptieren sie alle notwendigen Rechtstexte\",\"paymentDataInvalid\":\"Die eingegebenen Zahlungsdaten sind ung\\u00fcltig\",\"thanksForYourRequest\":\"Danke f\\u00fcr deine Anfrage\",\"optionalFormField\":\"optional\",\"yourPersonalOffer\":\"Dein pers\\u00f6nlicher Deal\",\"creatingYourPersonalOffer\":\"Dein pers\\u00f6nliches Angebot wird erstellt..\",\"paymentBankAccountInfo\":\"Die Bezahlung ist nur f\\u00fcr Bankkonten, die mit einem der folgenden L\\u00e4nder-Codes beginnen, m\\u00f6glich:\",\"paymentBankAccountError\":\"Bitte \\u00fcberpr\\u00fcfe deine Bankdaten. Wir akzeptieren nur IBANs aus den L\\u00e4ndern:\",\"document\":\"Dokument.pdf\",\"summary\":\"Zusammenfassung\",\"note\":\"Nachricht\",\"loadMapText\":\"Suche nach einem Ort, um die Karte zu laden.\",\"trialWithCoachHeading\":\"M\\u00f6chtest du dein Probetraining mit einem Trainer absolvieren?\",\"trialWithCoachDescription\":\"Ich m\\u00f6chte einen Trainer f\\u00fcr mein 1. Probetraining.\",\"fitnessMembershipHeading\":\"Fitness-Mitgliedschaft\",\"fitnessMembershipDescription\":\"Hast du eine Firmen-Mitgliedschaft (z.B. Wellpass, Wellhub, Hansefit, SportNavic, etc.)?\",\"preContractualUse\":\"Pre-contractual use\",\"contractStart\":\"Vertragsbeginn\",\"contractStartUse\":\"Start of use\",\"initialTerm\":\"Erstlaufzeit\",\"baseContract\":\"Basis-Vertrag\",\"cancellationPeriod\":\"K\\u00fcndigungsfrist\",\"contractExtension\":\"Vertragsverl\\u00e4ngerung\",\"forFree\":\"Free\",\"imprintLinkLabel\":\"Impressum des Betreibers\"},\"parentalConsentTexts\":{\"minimumAgeInfo\":\"Mindestalter f\\u00fcr Probetraining:\",\"parentalConsentInfo\":\"Bitte beachte: Wenn du j\\u00fcnger als 18 Jahre bist, ben\\u00f6tigen wir die schriftliche Erlaubnis deiner Eltern - bitte bringe diese zum Probetraining mit.\",\"downloadParentalConsentFile\":\"Download Einverst\\u00e4ndniserkl\\u00e4rung\",\"parentalConsentHeading\":\"Einverst\\u00e4ndnis Minderj\\u00e4hrige\",\"parentalConsentMailInfo\":\"Im Anhang findest du die Einverst\\u00e4ndniserkl\\u00e4rung f\\u00fcr Minderj\\u00e4hrige. Bitte bringe diese von deinen Erziehungsberechtigten ausgef\\u00fcllt und unterschrieben zu deinem Probetraining mit!\"},\"globalContracts\":{\"monthlyPayment\":\"Monatszahler\",\"yearlyPayment\":\"Jahreszahler\",\"choosePaymentPlan\":\"W\\u00e4hle deinen Zahlungsplan\",\"selectYourStudio\":\"W\\u00e4hle dein Studio\"}};\n              var studioSearchFilters = null;\n        <\/script><style>\n        .iti {\n          --iti-path-flags-1x: url('\/app\/themes\/love-it\/dist\/assets\/img\/intl-tel-input\/flags.webp');\n          --iti-path-flags-2x: url('\/app\/themes\/love-it\/dist\/assets\/img\/intl-tel-input\/flags@2x.webp');\n          --iti-path-globe-1x: url('\/app\/themes\/love-it\/dist\/assets\/img\/intl-tel-input\/globe.webp');\n          --iti-path-globe-2x: url('\/app\/themes\/love-it\/dist\/assets\/img\/intl-tel-input\/globe@2x.webp');\n        }\n        <\/style><div data-app-data='{\"searchCountry\":\"CH\",\"searchCountryLanguageCode\":\"de_CH\",\"currentEnvironment\":\"production\",\"googleMapsApiKey\":\"AIzaSyC0HM92UPLQaJ297XgBByLkdg1jf4uUeO0\",\"ajaxUrl\":\"https:\\\/\\\/www.clever-fit.com\\\/wp\\\/wp-admin\\\/admin-ajax.php\",\"languageDomain\":\"becomeMember\",\"baseUrl\":\"\\\/de-CH\\\/wp-json\\\/wp\\\/v2\\\/pages\\\/3834\\\/\",\"studioId\":null,\"filteredStudios\":[],\"scope\":\"becomeMember\",\"dataProtectionPageUrl\":\"https:\\\/\\\/www.clever-fit.com\\\/de-CH\\\/mitglied-werden\\\/datenschutz\\\/\",\"searchUrl\":\"https:\\\/\\\/www.clever-fit.com\\\/de-CH\\\/mitglied-werden\\\/\",\"showContractTotal\":false,\"searchInputAutoFocus\":false,\"findStudioDisplayMode\":\"list\",\"mapOptions\":[],\"appColorTheme\":\"dark\",\"findStudioOptions\":[],\"contractBundleType\":null}' class=\"clever_app_become_member clever-app become-member-form-wrapper becomeMember dark\"><div class='loader'><\/div><\/div><\/div>\n\t\t\t\t\t\t<\/div>\n\t\t\t\t<\/div>\n\t\t\t\t\t<\/div>\n\t\t\t\t<\/div>\n\t\t\t\t<\/div>\n\t\t","protected":false},"excerpt":{"rendered":"<p>Mitglied werden<\/p>\n","protected":false},"author":2,"featured_media":0,"parent":0,"menu_order":0,"comment_status":"closed","ping_status":"closed","template":"","meta":{"_acf_changed":false,"_seopress_robots_primary_cat":"","_seopress_titles_title":"Mitglied werden bei clever fit Schweiz \u2013 das geilste Gym\ud83c\udde8\ud83c\udded","_seopress_titles_desc":"Starte dein Training im geilsten Gym der Schweiz! Modernste Fitnessger\u00e4te, saubere Umkleiden, pers\u00f6nliche Trainingspl\u00e4ne und mehr \u2013 werde jetzt Mitglied!","_seopress_robots_index":"","footnotes":""},"class_list":["post-3834","page","type-page","status-publish","hentry"],"acf":[],"_links":{"self":[{"href":"https:\/\/www.clever-fit.com\/de-CH\/wp-json\/wp\/v2\/pages\/3834","targetHints":{"allow":["GET"]}}],"collection":[{"href":"https:\/\/www.clever-fit.com\/de-CH\/wp-json\/wp\/v2\/pages"}],"about":[{"href":"https:\/\/www.clever-fit.com\/de-CH\/wp-json\/wp\/v2\/types\/page"}],"author":[{"embeddable":true,"href":"https:\/\/www.clever-fit.com\/de-CH\/wp-json\/wp\/v2\/users\/2"}],"replies":[{"embeddable":true,"href":"https:\/\/www.clever-fit.com\/de-CH\/wp-json\/wp\/v2\/comments?post=3834"}],"version-history":[{"count":10,"href":"https:\/\/www.clever-fit.com\/de-CH\/wp-json\/wp\/v2\/pages\/3834\/revisions"}],"predecessor-version":[{"id":239828,"href":"https:\/\/www.clever-fit.com\/de-CH\/wp-json\/wp\/v2\/pages\/3834\/revisions\/239828"}],"wp:attachment":[{"href":"https:\/\/www.clever-fit.com\/de-CH\/wp-json\/wp\/v2\/media?parent=3834"}],"curies":[{"name":"wp","href":"https:\/\/api.w.org\/{rel}","templated":true}]}}