{"id":303680,"date":"2025-07-21T13:01:54","date_gmt":"2025-07-21T11:01:54","guid":{"rendered":"https:\/\/www.clever-fit.com\/?page_id=303680"},"modified":"2025-10-31T09:17:25","modified_gmt":"2025-10-31T08:17:25","slug":"bestellformular-influencer-marketing","status":"publish","type":"page","link":"https:\/\/www.clever-fit.com\/de\/bestellformular-influencer-marketing\/","title":{"rendered":"Bestellformular Influencer-Marketing"},"content":{"rendered":"\t\t<div data-elementor-type=\"wp-page\" data-elementor-id=\"303680\" class=\"elementor elementor-303680\" data-elementor-post-type=\"page\">\n\t\t\t\t<div data-particle_enable=\"false\" data-particle-mobile-disabled=\"false\" class=\"elementor-element elementor-element-27bfcf1 e-con-full e-flex e-con e-parent\" data-id=\"27bfcf1\" data-element_type=\"container\" data-e-type=\"container\" data-settings=\"{&quot;background_background&quot;:&quot;classic&quot;}\">\n\t\t<div data-particle_enable=\"false\" data-particle-mobile-disabled=\"false\" class=\"elementor-element elementor-element-ad65c95 e-con-full e-flex e-con e-child\" data-id=\"ad65c95\" data-element_type=\"container\" data-e-type=\"container\">\n\t\t\t\t<div class=\"elementor-element elementor-element-957f4f3 elementor-widget elementor-widget-spacer\" data-id=\"957f4f3\" data-element_type=\"widget\" data-e-type=\"widget\" data-widget_type=\"spacer.default\">\n\t\t\t\t<div class=\"elementor-widget-container\">\n\t\t\t\t\t\t\t<div class=\"elementor-spacer\">\n\t\t\t<div class=\"elementor-spacer-inner\"><\/div>\n\t\t<\/div>\n\t\t\t\t\t\t<\/div>\n\t\t\t\t<\/div>\n\t\t\t\t<div class=\"elementor-element elementor-element-1127e3e elementor-widget elementor-widget-cle-heading23\" data-id=\"1127e3e\" data-element_type=\"widget\" data-e-type=\"widget\" data-widget_type=\"cle-heading23.default\">\n\t\t\t\t<div class=\"elementor-widget-container\">\n\t\t\t\t\t        <div class=\"cle-heading23 skew\">\n\n                            <div class=\"cle-heading23__row-1\">\n                    Anmeldung                <\/div>\n                \n                            <div class=\"cle-heading23__row-2\">\n                    Influencer-Marketing                <\/div>\n                \n            \n        <\/div>\n        \t\t\t\t<\/div>\n\t\t\t\t<\/div>\n\t\t\t\t<div class=\"elementor-element elementor-element-d1b594b elementor-widget elementor-widget-spacer\" data-id=\"d1b594b\" data-element_type=\"widget\" data-e-type=\"widget\" data-widget_type=\"spacer.default\">\n\t\t\t\t<div class=\"elementor-widget-container\">\n\t\t\t\t\t\t\t<div class=\"elementor-spacer\">\n\t\t\t<div class=\"elementor-spacer-inner\"><\/div>\n\t\t<\/div>\n\t\t\t\t\t\t<\/div>\n\t\t\t\t<\/div>\n\t\t\t\t<\/div>\n\t\t\t\t<\/div>\n\t\t<div data-particle_enable=\"false\" data-particle-mobile-disabled=\"false\" class=\"elementor-element elementor-element-730adec e-flex e-con-boxed e-con e-parent\" data-id=\"730adec\" data-element_type=\"container\" data-e-type=\"container\" data-settings=\"{&quot;background_background&quot;:&quot;classic&quot;}\">\n\t\t\t\t\t<div class=\"e-con-inner\">\n\t\t\t\t<div class=\"elementor-element elementor-element-ab6eb66 elementor-widget elementor-widget-cle-heading\" data-id=\"ab6eb66\" data-element_type=\"widget\" data-e-type=\"widget\" data-widget_type=\"cle-heading.default\">\n\t\t\t\t<div class=\"elementor-widget-container\">\n\t\t\t\t\t        <div class=\"cle-heading white-on-black small skew\"                >\n                        <h2> Hier eintragen<\/h2>         <\/div>\n        \t\t\t\t<\/div>\n\t\t\t\t<\/div>\n\t\t\t\t<div class=\"elementor-element elementor-element-dc46371 elementor-widget elementor-widget-text-editor\" data-id=\"dc46371\" data-element_type=\"widget\" data-e-type=\"widget\" data-widget_type=\"text-editor.default\">\n\t\t\t\t<div class=\"elementor-widget-container\">\n\t\t\t\t\t\n<p><span style=\"color: #ff0000;\"><strong>Wichtiger Hinweis<\/strong><\/span><span style=\"font-weight: 400;\"><span style=\"color: #ff0000;\"><strong>:<\/strong><\/span> Bitte beachtet, dass wir f\u00fcr die Bearbeitung einer Influencer-Kampagne eine Vorlaufzeit von <strong>mind. 4 Wochen<\/strong> ben\u00f6tigen.<\/span><\/p>\n\t\t\t\t<\/div>\n\t\t\t\t<\/div>\n\t\t\t\t<div class=\"elementor-element elementor-element-73d7927 elementor-button-align-stretch elementor-widget elementor-widget-form\" data-id=\"73d7927\" data-element_type=\"widget\" data-e-type=\"widget\" data-settings=\"{&quot;step_next_label&quot;:&quot;N\\u00e4chster&quot;,&quot;step_previous_label&quot;:&quot;Voriger&quot;,&quot;button_width&quot;:&quot;100&quot;,&quot;step_type&quot;:&quot;number_text&quot;,&quot;step_icon_shape&quot;:&quot;circle&quot;}\" data-widget_type=\"form.default\">\n\t\t\t\t<div class=\"elementor-widget-container\">\n\t\t\t\t\t<textarea class=\"cfef_logic_data_js cfef-hidden\"><\/textarea>\t\t<form class=\"elementor-form\" method=\"post\" name=\"Registrierung Influencer-Marketing\" aria-label=\"Registrierung Influencer-Marketing\">\n\t\t\t<input type=\"hidden\" name=\"post_id\" value=\"303680\"\/>\n\t\t\t<input type=\"hidden\" name=\"form_id\" value=\"73d7927\"\/>\n\t\t\t<input type=\"hidden\" name=\"referer_title\" value=\"\" \/>\n\n\t\t\t\n\t\t\t<div class=\"elementor-form-fields-wrapper elementor-labels-\">\n\t\t\t\t\t\t\t\t<div class=\"elementor-field-type-text elementor-field-group elementor-column elementor-field-group-name elementor-col-50 elementor-field-required\">\n\t\t\t\t\t\t\t\t\t\t\t\t<label for=\"form-field-name\" class=\"elementor-field-label elementor-screen-only\">\n\t\t\t\t\t\t\t\tAnsprechpartner\t\t\t\t\t\t\t<\/label>\n\t\t\t\t\t\t\t\t\t\t\t\t\t\t<input size=\"1\" type=\"text\" name=\"form_fields[name]\" id=\"form-field-name\" class=\"elementor-field elementor-size-sm  elementor-field-textual\" placeholder=\"Ansprechpartner*\" required=\"required\">\n\t\t\t\t\t\t\t\t\t\t\t<\/div>\n\t\t\t\t\t\t\t\t<div class=\"elementor-field-type-email elementor-field-group elementor-column elementor-field-group-email elementor-col-50 elementor-field-required\">\n\t\t\t\t\t\t\t\t\t\t\t\t<label for=\"form-field-email\" class=\"elementor-field-label elementor-screen-only\">\n\t\t\t\t\t\t\t\tE-Mail Ansprechpartner\t\t\t\t\t\t\t<\/label>\n\t\t\t\t\t\t\t\t\t\t\t\t\t\t<input size=\"1\" type=\"email\" name=\"form_fields[email]\" id=\"form-field-email\" class=\"elementor-field elementor-size-sm  elementor-field-textual\" placeholder=\"E-Mail Ansprechpartner*\" required=\"required\">\n\t\t\t\t\t\t\t\t\t\t\t<\/div>\n\t\t\t\t\t\t\t\t<div class=\"elementor-field-type-text elementor-field-group elementor-column elementor-field-group-field_dec1773 elementor-col-50 elementor-field-required\">\n\t\t\t\t\t\t\t\t\t\t\t\t<label for=\"form-field-field_dec1773\" class=\"elementor-field-label elementor-screen-only\">\n\t\t\t\t\t\t\t\tTeilnehmende Studios\t\t\t\t\t\t\t<\/label>\n\t\t\t\t\t\t\t\t\t\t\t\t\t\t<input size=\"1\" type=\"text\" name=\"form_fields[field_dec1773]\" id=\"form-field-field_dec1773\" class=\"elementor-field elementor-size-sm  elementor-field-textual\" placeholder=\"Teilnehmende Studios*\" required=\"required\">\n\t\t\t\t\t\t\t\t\t\t\t<\/div>\n\t\t\t\t\t\t\t\t<div class=\"elementor-field-type-tel elementor-field-group elementor-column elementor-field-group-field_f202b17 elementor-col-50\">\n\t\t\t\t\t\t\t\t\t\t\t\t<label for=\"form-field-field_f202b17\" class=\"elementor-field-label elementor-screen-only\">\n\t\t\t\t\t\t\t\tTelefon Ansprechpartner\t\t\t\t\t\t\t<\/label>\n\t\t\t\t\t\t\t\t<input size=\"1\" type=\"tel\" name=\"form_fields[field_f202b17]\" id=\"form-field-field_f202b17\" class=\"elementor-field elementor-size-sm  elementor-field-textual\" placeholder=\"Telefon Ansprechpartner\" pattern=\"[0-9()#&amp;+*-=.]+\" title=\"Nur Nummern oder Telefon-Zeichen (#, -, *, etc) werden akzeptiert.\">\n\n\t\t\t\t\t\t<\/div>\n\t\t\t\t\t\t\t\t<div class=\"elementor-field-type-html elementor-field-group elementor-column elementor-field-group-field_242d546 elementor-col-100\">\n\t\t\t\t\t<br>\n<b> Art der Kampagne*:<\/b> (eine Antwort m\u00f6glich)\n\t\t\t\t<\/div>\n\t\t\t\t\t\t\t\t<div class=\"elementor-field-type-radio elementor-field-group elementor-column elementor-field-group-Art elementor-col-100 elementor-field-required\">\n\t\t\t\t\t\t\t\t\t\t\t\t<label for=\"form-field-Art\" class=\"elementor-field-label elementor-screen-only\">\n\t\t\t\t\t\t\t\tArt \t\t\t\t\t\t\t<\/label>\n\t\t\t\t\t\t<div class=\"elementor-field-subgroup  \"><span class=\"elementor-field-option\"><input type=\"radio\" value=\"Neuer\u00f6ffnung \/ VVK\" id=\"form-field-Art-0\" name=\"form_fields[Art]\" required=\"required\"> <label for=\"form-field-Art-0\">Neuer\u00f6ffnung \/ VVK<\/label><\/span><span class=\"elementor-field-option\"><input type=\"radio\" value=\"Wiederer\u00f6ffnung \/ Remodeling\" id=\"form-field-Art-1\" name=\"form_fields[Art]\" required=\"required\"> <label for=\"form-field-Art-1\">Wiederer\u00f6ffnung \/ Remodeling<\/label><\/span><span class=\"elementor-field-option\"><input type=\"radio\" value=\"Bestand-Studio\" id=\"form-field-Art-2\" name=\"form_fields[Art]\" required=\"required\"> <label for=\"form-field-Art-2\">Bestand-Studio<\/label><\/span><\/div>\t\t\t\t<\/div>\n\t\t\t\t\t\t\t\t<div class=\"elementor-field-type-html elementor-field-group elementor-column elementor-field-group-field_41b8a84 elementor-col-100\">\n\t\t\t\t\t<b> Ziel der Kampagne *: <\/b>(mehrere Antworten m\u00f6glich)\t\t\t\t<\/div>\n\t\t\t\t\t\t\t\t<div class=\"elementor-field-type-checkbox elementor-field-group elementor-column elementor-field-group-Ziel elementor-col-100\">\n\t\t\t\t\t\t\t\t\t\t\t\t<label for=\"form-field-Ziel\" class=\"elementor-field-label elementor-screen-only\">\n\t\t\t\t\t\t\t\tZiel\t\t\t\t\t\t\t<\/label>\n\t\t\t\t\t\t<div class=\"elementor-field-subgroup  \"><span class=\"elementor-field-option\"><input type=\"checkbox\" value=\"Event-Dokumentation\" id=\"form-field-Ziel-0\" name=\"form_fields[Ziel][]\"> <label for=\"form-field-Ziel-0\">Event-Dokumentation<\/label><\/span><span class=\"elementor-field-option\"><input type=\"checkbox\" value=\"Brand Ambassador im Vorfeld und Nachgang\" id=\"form-field-Ziel-1\" name=\"form_fields[Ziel][]\"> <label for=\"form-field-Ziel-1\">Brand Ambassador im Vorfeld und Nachgang<\/label><\/span><span class=\"elementor-field-option\"><input type=\"checkbox\" value=\"Testimonial f\u00fcr Werbekampagnen\" id=\"form-field-Ziel-2\" name=\"form_fields[Ziel][]\"> <label for=\"form-field-Ziel-2\">Testimonial f\u00fcr Werbekampagnen<\/label><\/span><span class=\"elementor-field-option\"><input type=\"checkbox\" value=\"Sonstiges\" id=\"form-field-Ziel-3\" name=\"form_fields[Ziel][]\"> <label for=\"form-field-Ziel-3\">Sonstiges<\/label><\/span><\/div>\t\t\t\t<\/div>\n\t\t\t\t\t\t\t\t<div class=\"elementor-field-type-html elementor-field-group elementor-column elementor-field-group-field_be04086 elementor-col-100\">\n\t\t\t\t\t<b> Budget und Benefits *: <\/b>(mehrere Antworten m\u00f6glich)\t\t\t\t<\/div>\n\t\t\t\t\t\t\t\t<div class=\"elementor-field-type-checkbox elementor-field-group elementor-column elementor-field-group-Budget_Benefits elementor-col-100\">\n\t\t\t\t\t\t\t\t\t\t\t\t<label for=\"form-field-Budget_Benefits\" class=\"elementor-field-label elementor-screen-only\">\n\t\t\t\t\t\t\t\tBudget\t\t\t\t\t\t\t<\/label>\n\t\t\t\t\t\t<div class=\"elementor-field-subgroup  \"><span class=\"elementor-field-option\"><input type=\"checkbox\" value=\"Barter Deal \u2013 Kostenlose Mitgliedschaft 6 Monate\" id=\"form-field-Budget_Benefits-0\" name=\"form_fields[Budget_Benefits][]\"> <label for=\"form-field-Budget_Benefits-0\">Barter Deal \u2013 Kostenlose Mitgliedschaft 6 Monate<\/label><\/span><span class=\"elementor-field-option\"><input type=\"checkbox\" value=\"Barter Deal \u2013 Kostenlose Mitgliedschaft 12 Monate\" id=\"form-field-Budget_Benefits-1\" name=\"form_fields[Budget_Benefits][]\"> <label for=\"form-field-Budget_Benefits-1\">Barter Deal \u2013 Kostenlose Mitgliedschaft 12 Monate<\/label><\/span><span class=\"elementor-field-option\"><input type=\"checkbox\" value=\"Monet\u00e4re Verg\u00fctung \u2013 Einmalige Pauschale (H\u00f6he der Pauschale nach Absprache, abh\u00e4ngig vom Influencer)\" id=\"form-field-Budget_Benefits-2\" name=\"form_fields[Budget_Benefits][]\"> <label for=\"form-field-Budget_Benefits-2\">Monet\u00e4re Verg\u00fctung \u2013 Einmalige Pauschale (H\u00f6he der Pauschale nach Absprache, abh\u00e4ngig vom Influencer)<\/label><\/span><\/div>\t\t\t\t<\/div>\n\t\t\t\t\t\t\t\t<div class=\"elementor-field-type-html elementor-field-group elementor-column elementor-field-group-field_d040edf elementor-col-100\">\n\t\t\t\t\t<b> Anmeldung *: <\/b><br>Wichtiger Hinweis: Bitte beachte, dass wir eine Vorlaufzeit von mind. 4 Wochen f\u00fcr die Umsetzung einer Influencer-Kampagne ben\u00f6tigen.\t\t\t\t<\/div>\n\t\t\t\t\t\t\t\t<div class=\"elementor-field-type-radio elementor-field-group elementor-column elementor-field-group-Gebueren elementor-col-100 elementor-field-required\">\n\t\t\t\t\t\t\t\t\t\t\t\t<label for=\"form-field-Gebueren\" class=\"elementor-field-label elementor-screen-only\">\n\t\t\t\t\t\t\t\tBestaetigung Geb\u00fchren\t\t\t\t\t\t\t<\/label>\n\t\t\t\t\t\t<div class=\"elementor-field-subgroup  \"><span class=\"elementor-field-option\"><input type=\"radio\" value=\"Ja, ich m\u00f6chte Influencer Marketing kostenpflichtig buchen (Influencer-Kosten tr\u00e4gt der Betreiber). Hierf\u00fcr f\u00e4llt eine Bearbeitungsgeb\u00fchr in H\u00f6he von 200 \u20ac an.*\" id=\"form-field-Gebueren-0\" name=\"form_fields[Gebueren]\" required=\"required\"> <label for=\"form-field-Gebueren-0\">Ja, ich m\u00f6chte Influencer Marketing kostenpflichtig buchen (Influencer-Kosten tr\u00e4gt der Betreiber). Hierf\u00fcr f\u00e4llt eine Bearbeitungsgeb\u00fchr in H\u00f6he von 200 \u20ac an.*<\/label><\/span><\/div>\t\t\t\t<\/div>\n\t\t\t\t\t\t\t\t<div class=\"elementor-field-type-html elementor-field-group elementor-column elementor-field-group-field_6bd8c86 elementor-col-30\">\n\t\t\t\t\t<p><b>Gesamt-Budget f\u00fcr Influencer Marketing excl. Bearbeitungsgeb\u00fchr *:<\/b><br>(Selbstkosten)\n<\/p>\t\t\t\t<\/div>\n\t\t\t\t\t\t\t\t<div class=\"elementor-field-type-textarea elementor-field-group elementor-column elementor-field-group-Budget elementor-col-70 elementor-field-required\">\n\t\t\t\t\t\t\t\t\t\t\t\t<label for=\"form-field-Budget\" class=\"elementor-field-label elementor-screen-only\">\n\t\t\t\t\t\t\t\tBetrag\t\t\t\t\t\t\t<\/label>\n\t\t\t\t\t\t<textarea class=\"elementor-field-textual elementor-field  elementor-size-sm\" name=\"form_fields[Budget]\" id=\"form-field-Budget\" rows=\"4\" placeholder=\"Gesamt-Budget in \u20ac\" required=\"required\"><\/textarea>\t\t\t\t<\/div>\n\t\t\t\t\t\t\t\t<div class=\"elementor-field-type-acceptance elementor-field-group elementor-column elementor-field-group-field_7e7155a elementor-col-100 elementor-field-required\">\n\t\t\t\t\t\t\t\t\t\t\t\t<label for=\"form-field-field_7e7155a\" class=\"elementor-field-label elementor-screen-only\">\n\t\t\t\t\t\t\t\tDatenschutz\t\t\t\t\t\t\t<\/label>\n\t\t\t\t\t\t\t\t<div class=\"elementor-field-subgroup\">\n\t\t\t<span class=\"elementor-field-option\">\n\t\t\t\t<input type=\"checkbox\" name=\"form_fields[field_7e7155a]\" id=\"form-field-field_7e7155a\" class=\"elementor-field elementor-size-sm  elementor-acceptance-field\" required=\"required\">\n\t\t\t\t<label for=\"form-field-field_7e7155a\">Um die cleverfit Leistungen f\u00fcr Dich kontinuierlich zu verbessern zu k\u00f6nnen und Dich bei Deinem Training noch besser begleiten und unterst\u00fctzen zu k\u00f6nnen, bitten wir Dich nachfolgend um Deine Einwilligung zu nachfolgenden Datenverarbeitungen. Einzelheiten hierzu erf\u00e4hrst Du in unserer <a href=\"\/de\/datenschutz\" target=\"_blank\">Datenschutzerkl\u00e4rung<\/a>. *<\/label>\t\t\t<\/span>\n\t\t<\/div>\n\t\t\t\t\t\t<\/div>\n\t\t\t\t\t\t\t\t<div class=\"elementor-field-type-html elementor-field-group elementor-column elementor-field-group-field_b000ad0 elementor-col-100\">\n\t\t\t\t\t<p> * Bitte f\u00fclle alle Pflichtfelder aus. <\/p>\t\t\t\t<\/div>\n\t\t\t\t\t\t\t\t<div class=\"elementor-field-group elementor-column elementor-field-type-submit elementor-col-100 e-form__buttons\">\n\t\t\t\t\t<button class=\"elementor-button elementor-size-sm\" type=\"submit\">\n\t\t\t\t\t\t<span class=\"elementor-button-content-wrapper\">\n\t\t\t\t\t\t\t\t\t\t\t\t\t\t\t\t\t\t\t\t\t\t<span class=\"elementor-button-text\">Kostenpflichtig bestellen<\/span>\n\t\t\t\t\t\t\t\t\t\t\t\t\t<\/span>\n\t\t\t\t\t<\/button>\n\t\t\t\t<\/div>\n\t\t\t<\/div>\n\t\t<\/form>\n\t\t\t\t\t\t<\/div>\n\t\t\t\t<\/div>\n\t\t\t\t\t<\/div>\n\t\t\t\t<\/div>\n\t\t<div data-particle_enable=\"false\" data-particle-mobile-disabled=\"false\" class=\"elementor-element elementor-element-98056d0 e-flex e-con-boxed e-con e-parent\" data-id=\"98056d0\" data-element_type=\"container\" data-e-type=\"container\" data-settings=\"{&quot;background_background&quot;:&quot;classic&quot;,&quot;shape_divider_bottom&quot;:&quot;tilt&quot;}\">\n\t\t\t\t\t<div class=\"e-con-inner\">\n\t\t\t\t<div class=\"elementor-shape elementor-shape-bottom\" aria-hidden=\"true\" data-negative=\"false\">\n\t\t\t<svg xmlns=\"http:\/\/www.w3.org\/2000\/svg\" viewBox=\"0 0 1000 100\" preserveAspectRatio=\"none\">\n\t<path class=\"elementor-shape-fill\" d=\"M0,6V0h1000v100L0,6z\"\/>\n<\/svg>\t\t<\/div>\n\t\t\t\t<div class=\"elementor-element elementor-element-bb3fe0e elementor-widget elementor-widget-spacer\" data-id=\"bb3fe0e\" data-element_type=\"widget\" data-e-type=\"widget\" data-widget_type=\"spacer.default\">\n\t\t\t\t<div class=\"elementor-widget-container\">\n\t\t\t\t\t\t\t<div class=\"elementor-spacer\">\n\t\t\t<div class=\"elementor-spacer-inner\"><\/div>\n\t\t<\/div>\n\t\t\t\t\t\t<\/div>\n\t\t\t\t<\/div>\n\t\t\t\t\t<\/div>\n\t\t\t\t<\/div>\n\t\t<div data-particle_enable=\"false\" data-particle-mobile-disabled=\"false\" class=\"elementor-element elementor-element-aa4f98d e-flex e-con-boxed e-con e-parent\" data-id=\"aa4f98d\" data-element_type=\"container\" data-e-type=\"container\">\n\t\t\t\t\t<div class=\"e-con-inner\">\n\t\t\t\t<div class=\"elementor-element elementor-element-3438776 elementor-widget elementor-widget-spacer\" data-id=\"3438776\" data-element_type=\"widget\" data-e-type=\"widget\" data-widget_type=\"spacer.default\">\n\t\t\t\t<div class=\"elementor-widget-container\">\n\t\t\t\t\t\t\t<div class=\"elementor-spacer\">\n\t\t\t<div class=\"elementor-spacer-inner\"><\/div>\n\t\t<\/div>\n\t\t\t\t\t\t<\/div>\n\t\t\t\t<\/div>\n\t\t\t\t\t<\/div>\n\t\t\t\t<\/div>\n\t\t\t\t<\/div>\n\t\t","protected":false},"excerpt":{"rendered":"<p>Anmeldung Influencer-Marketing Hier eintragen Wichtiger Hinweis: Bitte beachtet, dass wir f\u00fcr die Bearbeitung einer Influencer-Kampagne eine Vorlaufzeit von mind. 4 Wochen ben\u00f6tigen.<\/p>\n","protected":false},"author":531,"featured_media":90405,"parent":0,"menu_order":0,"comment_status":"closed","ping_status":"closed","template":"","meta":{"_acf_changed":false,"_seopress_robots_primary_cat":"","_seopress_titles_title":"","_seopress_titles_desc":"","_seopress_robots_index":"","footnotes":""},"class_list":["post-303680","page","type-page","status-publish","has-post-thumbnail","hentry"],"acf":[],"_links":{"self":[{"href":"https:\/\/www.clever-fit.com\/de\/wp-json\/wp\/v2\/pages\/303680","targetHints":{"allow":["GET"]}}],"collection":[{"href":"https:\/\/www.clever-fit.com\/de\/wp-json\/wp\/v2\/pages"}],"about":[{"href":"https:\/\/www.clever-fit.com\/de\/wp-json\/wp\/v2\/types\/page"}],"author":[{"embeddable":true,"href":"https:\/\/www.clever-fit.com\/de\/wp-json\/wp\/v2\/users\/531"}],"replies":[{"embeddable":true,"href":"https:\/\/www.clever-fit.com\/de\/wp-json\/wp\/v2\/comments?post=303680"}],"version-history":[{"count":8,"href":"https:\/\/www.clever-fit.com\/de\/wp-json\/wp\/v2\/pages\/303680\/revisions"}],"predecessor-version":[{"id":323410,"href":"https:\/\/www.clever-fit.com\/de\/wp-json\/wp\/v2\/pages\/303680\/revisions\/323410"}],"wp:featuredmedia":[{"embeddable":true,"href":"https:\/\/www.clever-fit.com\/de\/wp-json\/wp\/v2\/media\/90405"}],"wp:attachment":[{"href":"https:\/\/www.clever-fit.com\/de\/wp-json\/wp\/v2\/media?parent=303680"}],"curies":[{"name":"wp","href":"https:\/\/api.w.org\/{rel}","templated":true}]}}