{"id":68627,"date":"2022-12-02T11:20:12","date_gmt":"2022-12-02T10:20:12","guid":{"rendered":"https:\/\/www.clever-fit.com\/?page_id=68627"},"modified":"2022-12-02T12:31:58","modified_gmt":"2022-12-02T11:31:58","slug":"clever-fit-on-das-fitnessstudio-fuer-die-kleinstadt","status":"publish","type":"page","link":"https:\/\/www.clever-fit.com\/de\/clever-fit-on-das-fitnessstudio-fuer-die-kleinstadt\/","title":{"rendered":"clever fit on &#8211; Das Fitnessstudio f\u00fcr die Kleinstadt"},"content":{"rendered":"\t\t<div data-elementor-type=\"wp-page\" data-elementor-id=\"68627\" class=\"elementor elementor-68627\" data-elementor-post-type=\"page\">\n\t\t\t\t<div data-particle_enable=\"false\" data-particle-mobile-disabled=\"false\" class=\"elementor-element elementor-element-cf005e3 e-flex e-con-boxed e-con e-parent\" data-id=\"cf005e3\" data-element_type=\"container\" data-e-type=\"container\">\n\t\t\t\t\t<div class=\"e-con-inner\">\n\t\t\t\t<div class=\"elementor-element elementor-element-1e8b9f6 elementor-widget elementor-widget-image\" data-id=\"1e8b9f6\" data-element_type=\"widget\" data-e-type=\"widget\" data-widget_type=\"image.default\">\n\t\t\t\t<div class=\"elementor-widget-container\">\n\t\t\t\t\t\t\t\t\t\t\t\t\t\t\t<img loading=\"lazy\" decoding=\"async\" width=\"300\" height=\"181\" src=\"https:\/\/www.clever-fit.com\/app\/uploads\/2022\/12\/cf-22-01-314-House-of-Brands-ON-Logo-060422-Schwarz_Rot-300x181.png\" class=\"attachment-medium size-medium wp-image-68557\" alt=\"\" srcset=\"https:\/\/www.clever-fit.com\/app\/uploads\/2022\/12\/cf-22-01-314-House-of-Brands-ON-Logo-060422-Schwarz_Rot-300x181.png 300w, https:\/\/www.clever-fit.com\/app\/uploads\/2022\/12\/cf-22-01-314-House-of-Brands-ON-Logo-060422-Schwarz_Rot-1024x618.png 1024w, https:\/\/www.clever-fit.com\/app\/uploads\/2022\/12\/cf-22-01-314-House-of-Brands-ON-Logo-060422-Schwarz_Rot-768x464.png 768w, https:\/\/www.clever-fit.com\/app\/uploads\/2022\/12\/cf-22-01-314-House-of-Brands-ON-Logo-060422-Schwarz_Rot-1536x927.png 1536w, https:\/\/www.clever-fit.com\/app\/uploads\/2022\/12\/cf-22-01-314-House-of-Brands-ON-Logo-060422-Schwarz_Rot-2048x1237.png 2048w\" sizes=\"auto, (max-width: 300px) 100vw, 300px\" \/>\t\t\t\t\t\t\t\t\t\t\t\t\t\t\t<\/div>\n\t\t\t\t<\/div>\n\t\t\t\t\t<\/div>\n\t\t\t\t<\/div>\n\t\t<div data-particle_enable=\"false\" data-particle-mobile-disabled=\"false\" class=\"elementor-element elementor-element-93eb71a e-flex e-con-boxed e-con e-parent\" data-id=\"93eb71a\" data-element_type=\"container\" data-e-type=\"container\">\n\t\t\t\t\t<div class=\"e-con-inner\">\n\t\t\t\t<div class=\"elementor-element elementor-element-6e0d730 elementor-widget elementor-widget-cle-button\" data-id=\"6e0d730\" data-element_type=\"widget\" data-e-type=\"widget\" data-widget_type=\"cle-button.default\">\n\t\t\t\t<div class=\"elementor-widget-container\">\n\t\t\t\t\t        <a href=\"\/de\/fitnessstudio-in-der-naehe\/dietenheim\/\"                class=\"cle-button primary  on-white\">\n            <div class=\"text\" >\n                Studio-Information            <\/div>\n        <\/a>\n        \t\t\t\t<\/div>\n\t\t\t\t<\/div>\n\t\t\t\t<div class=\"elementor-element elementor-element-f8eed2b elementor-widget elementor-widget-cle-button\" data-id=\"f8eed2b\" data-element_type=\"widget\" data-e-type=\"widget\" data-widget_type=\"cle-button.default\">\n\t\t\t\t<div class=\"elementor-widget-container\">\n\t\t\t\t\t        <a href=\"https:\/\/checkout.noexcuse.io\/clever-fit\/rates\/?MjA3ODI5ODU5MHY=&#038;adb_sid=283ad164-604a-4f84-a5bf-4f25ccb06c49\"                class=\"cle-button primary  on-white\">\n            <div class=\"text\" >\n                Mitglied werden            <\/div>\n        <\/a>\n        \t\t\t\t<\/div>\n\t\t\t\t<\/div>\n\t\t\t\t<div class=\"elementor-element elementor-element-531dfca elementor-widget elementor-widget-cle-button\" data-id=\"531dfca\" data-element_type=\"widget\" data-e-type=\"widget\" data-widget_type=\"cle-button.default\">\n\t\t\t\t<div class=\"elementor-widget-container\">\n\t\t\t\t\t        <a href=\"https:\/\/checkout.noexcuse.io\/clever-fit\/trial-session\/?MjA3ODI5ODU5MHY=\"                class=\"cle-button primary  on-white\">\n            <div class=\"text\" >\n                Termin vereinbaren            <\/div>\n        <\/a>\n        \t\t\t\t<\/div>\n\t\t\t\t<\/div>\n\t\t\t\t\t<\/div>\n\t\t\t\t<\/div>\n\t\t<div data-particle_enable=\"false\" data-particle-mobile-disabled=\"false\" class=\"elementor-element elementor-element-2de639e e-flex e-con-boxed e-con e-parent\" data-id=\"2de639e\" data-element_type=\"container\" data-e-type=\"container\">\n\t\t\t\t\t<div class=\"e-con-inner\">\n\t\t<div data-particle_enable=\"false\" data-particle-mobile-disabled=\"false\" class=\"elementor-element elementor-element-08f65ae e-con-full e-flex e-con e-parent\" data-id=\"08f65ae\" data-element_type=\"container\" data-e-type=\"container\">\n\t\t\t\t<div class=\"elementor-element elementor-element-0d41a9e elementor-widget elementor-widget-cle-heading\" data-id=\"0d41a9e\" data-element_type=\"widget\" data-e-type=\"widget\" data-widget_type=\"cle-heading.default\">\n\t\t\t\t<div class=\"elementor-widget-container\">\n\t\t\t\t\t        <div class=\"cle-heading white-on-black small skew\"                >\n                        <h2> clever fit on in Dietenheim<\/h2>         <\/div>\n        \t\t\t\t<\/div>\n\t\t\t\t<\/div>\n\t\t\t\t<div class=\"elementor-element elementor-element-93db5a2 elementor-widget elementor-widget-text-editor\" data-id=\"93db5a2\" data-element_type=\"widget\" data-e-type=\"widget\" data-widget_type=\"text-editor.default\">\n\t\t\t\t<div class=\"elementor-widget-container\">\n\t\t\t\t\t\n<p><span class=\"style-scope yt-formatted-string\" dir=\"auto\">Mit <strong>clever fit on<\/strong> ging das Fitnessstudio Kleinstadtkonzept im Oktober 2022 an den Start.<br \/><\/span><\/p>\n<p><span class=\"style-scope yt-formatted-string\" dir=\"auto\">\u2713\u00a0 Kleinere Trainingsfl\u00e4che<\/span><\/p>\n<p><span class=\"style-scope yt-formatted-string\" dir=\"auto\">\u2713\u00a0 Check-In per App<\/span><\/p>\n<p><span class=\"style-scope yt-formatted-string\" dir=\"auto\">\u2713\u00a0 L\u00e4ngere \u00d6ffnungszeiten<\/span><\/p>\n<p><span class=\"style-scope yt-formatted-string\" dir=\"auto\">\u2713\u00a0 Weniger Personal<\/span><\/p>\n<p><span class=\"style-scope yt-formatted-string\" dir=\"auto\">\u2713\u00a0 Gleiche Qualit\u00e4t<\/span><\/p>\n<p><span class=\"style-scope yt-formatted-string\" dir=\"auto\">Mit diesem neuen Konzept m\u00f6chten wir Ortschaften und kleine St\u00e4dte unter 10.000 Einwohnern bedienen.\u00a0<\/span><\/p>\n\t\t\t\t<\/div>\n\t\t\t\t<\/div>\n\t\t\t\t<\/div>\n\t\t<div data-particle_enable=\"false\" data-particle-mobile-disabled=\"false\" class=\"elementor-element elementor-element-5274064 e-con-full e-flex e-con e-parent\" data-id=\"5274064\" data-element_type=\"container\" data-e-type=\"container\">\n\t\t\t\t<div class=\"elementor-element elementor-element-caab9e4 elementor-widget elementor-widget-image\" data-id=\"caab9e4\" data-element_type=\"widget\" data-e-type=\"widget\" data-widget_type=\"image.default\">\n\t\t\t\t<div class=\"elementor-widget-container\">\n\t\t\t\t\t\t\t\t\t\t\t\t\t\t\t<img loading=\"lazy\" decoding=\"async\" width=\"800\" height=\"450\" src=\"https:\/\/www.clever-fit.com\/app\/uploads\/2022\/12\/cleverfit-on_Fitnessstudio-Kleinstadt-Konzept-1024x576.jpg\" class=\"attachment-large size-large wp-image-68750\" alt=\"\" srcset=\"https:\/\/www.clever-fit.com\/app\/uploads\/2022\/12\/cleverfit-on_Fitnessstudio-Kleinstadt-Konzept-1024x576.jpg 1024w, https:\/\/www.clever-fit.com\/app\/uploads\/2022\/12\/cleverfit-on_Fitnessstudio-Kleinstadt-Konzept-300x169.jpg 300w, https:\/\/www.clever-fit.com\/app\/uploads\/2022\/12\/cleverfit-on_Fitnessstudio-Kleinstadt-Konzept-768x432.jpg 768w, https:\/\/www.clever-fit.com\/app\/uploads\/2022\/12\/cleverfit-on_Fitnessstudio-Kleinstadt-Konzept-1536x864.jpg 1536w, https:\/\/www.clever-fit.com\/app\/uploads\/2022\/12\/cleverfit-on_Fitnessstudio-Kleinstadt-Konzept-2048x1152.jpg 2048w\" sizes=\"auto, (max-width: 800px) 100vw, 800px\" \/>\t\t\t\t\t\t\t\t\t\t\t\t\t\t\t<\/div>\n\t\t\t\t<\/div>\n\t\t\t\t<\/div>\n\t\t\t\t\t<\/div>\n\t\t\t\t<\/div>\n\t\t<div data-particle_enable=\"false\" data-particle-mobile-disabled=\"false\" class=\"elementor-element elementor-element-4be43dc e-flex e-con-boxed e-con e-parent\" data-id=\"4be43dc\" data-element_type=\"container\" data-e-type=\"container\">\n\t\t\t\t\t<div class=\"e-con-inner\">\n\t\t\t\t<div class=\"elementor-element elementor-element-6be200b elementor-widget elementor-widget-spacer\" data-id=\"6be200b\" data-element_type=\"widget\" data-e-type=\"widget\" data-widget_type=\"spacer.default\">\n\t\t\t\t<div class=\"elementor-widget-container\">\n\t\t\t\t\t\t\t<div class=\"elementor-spacer\">\n\t\t\t<div class=\"elementor-spacer-inner\"><\/div>\n\t\t<\/div>\n\t\t\t\t\t\t<\/div>\n\t\t\t\t<\/div>\n\t\t\t\t\t<\/div>\n\t\t\t\t<\/div>\n\t\t\t\t<\/div>\n\t\t","protected":false},"excerpt":{"rendered":"<p>Studio-Information Mitglied werden Termin vereinbaren clever fit on in Dietenheim Mit clever fit on ging das Fitnessstudio Kleinstadtkonzept im Oktober 2022 an den Start. \u2713\u00a0 Kleinere Trainingsfl\u00e4che \u2713\u00a0 Check-In per [&hellip;]<\/p>\n","protected":false},"author":530,"featured_media":68557,"parent":0,"menu_order":0,"comment_status":"closed","ping_status":"closed","template":"","meta":{"_acf_changed":false,"_seopress_robots_primary_cat":"","_seopress_titles_title":"clever fit on - Das Fitnessstudio f\u00fcr die Kleinstadt","_seopress_titles_desc":"Mit den clever fit on ging das Kleinstadtkonzept von clever fit im Oktober an den Start. Kleinere Trainingsfl\u00e4che, check in per App, l\u00e4ngere \u00d6ffnungszeiten, weniger Personal, gleiche Qualit\u00e4t. \r\nMit diesem neuen Konzept m\u00f6chte clever fit auch Ortschaften und kleine St\u00e4dte unter 10000 Einwohner bedienen. ","_seopress_robots_index":"","footnotes":""},"class_list":["post-68627","page","type-page","status-publish","has-post-thumbnail","hentry"],"acf":[],"_links":{"self":[{"href":"https:\/\/www.clever-fit.com\/de\/wp-json\/wp\/v2\/pages\/68627","targetHints":{"allow":["GET"]}}],"collection":[{"href":"https:\/\/www.clever-fit.com\/de\/wp-json\/wp\/v2\/pages"}],"about":[{"href":"https:\/\/www.clever-fit.com\/de\/wp-json\/wp\/v2\/types\/page"}],"author":[{"embeddable":true,"href":"https:\/\/www.clever-fit.com\/de\/wp-json\/wp\/v2\/users\/530"}],"replies":[{"embeddable":true,"href":"https:\/\/www.clever-fit.com\/de\/wp-json\/wp\/v2\/comments?post=68627"}],"version-history":[{"count":53,"href":"https:\/\/www.clever-fit.com\/de\/wp-json\/wp\/v2\/pages\/68627\/revisions"}],"predecessor-version":[{"id":68844,"href":"https:\/\/www.clever-fit.com\/de\/wp-json\/wp\/v2\/pages\/68627\/revisions\/68844"}],"wp:featuredmedia":[{"embeddable":true,"href":"https:\/\/www.clever-fit.com\/de\/wp-json\/wp\/v2\/media\/68557"}],"wp:attachment":[{"href":"https:\/\/www.clever-fit.com\/de\/wp-json\/wp\/v2\/media?parent=68627"}],"curies":[{"name":"wp","href":"https:\/\/api.w.org\/{rel}","templated":true}]}}