{"id":86568,"date":"2023-01-16T11:27:13","date_gmt":"2023-01-16T10:27:13","guid":{"rendered":"https:\/\/www.clever-fit.com\/?page_id=86568"},"modified":"2023-01-17T11:55:47","modified_gmt":"2023-01-17T10:55:47","slug":"interne-umfrage-clever-fit-aktionen","status":"publish","type":"page","link":"https:\/\/www.clever-fit.com\/de\/interne-umfrage-clever-fit-aktionen\/","title":{"rendered":"Interne Umfrage clever fit Aktionen"},"content":{"rendered":"\t\t<div data-elementor-type=\"wp-page\" data-elementor-id=\"86568\" class=\"elementor elementor-86568\" data-elementor-post-type=\"page\">\n\t\t\t\t\t\t<section data-particle_enable=\"false\" data-particle-mobile-disabled=\"false\" class=\"elementor-section elementor-top-section elementor-element elementor-element-63c1e89 elementor-section-height-min-height elementor-section-boxed elementor-section-height-default elementor-section-items-middle\" data-id=\"63c1e89\" data-element_type=\"section\" data-e-type=\"section\" data-settings=\"{&quot;background_background&quot;:&quot;classic&quot;}\">\n\t\t\t\t\t\t<div class=\"elementor-container elementor-column-gap-default\">\n\t\t\t\t\t<div class=\"elementor-column elementor-col-50 elementor-top-column elementor-element elementor-element-894769a\" data-id=\"894769a\" data-element_type=\"column\" data-e-type=\"column\">\n\t\t\t<div class=\"elementor-widget-wrap elementor-element-populated\">\n\t\t\t\t\t\t<div class=\"elementor-element elementor-element-30d4fdb elementor-widget elementor-widget-heading\" data-id=\"30d4fdb\" data-element_type=\"widget\" data-e-type=\"widget\" data-widget_type=\"heading.default\">\n\t\t\t\t<div class=\"elementor-widget-container\">\n\t\t\t\t\t<h4 class=\"elementor-heading-title elementor-size-default\">clever fit 2023 - 14 Tage Testen Aktion<\/h4>\t\t\t\t<\/div>\n\t\t\t\t<\/div>\n\t\t\t\t<div class=\"elementor-element elementor-element-9c33724 elementor-widget elementor-widget-heading\" data-id=\"9c33724\" data-element_type=\"widget\" data-e-type=\"widget\" data-widget_type=\"heading.default\">\n\t\t\t\t<div class=\"elementor-widget-container\">\n\t\t\t\t\t<h2 class=\"elementor-heading-title elementor-size-default\">Umfrage f\u00fcr teilnehmende Studios &amp;  franchisenehmer<\/h2>\t\t\t\t<\/div>\n\t\t\t\t<\/div>\n\t\t\t\t<div class=\"elementor-element elementor-element-8286ee5 elementor-widget elementor-widget-text-editor\" data-id=\"8286ee5\" data-element_type=\"widget\" data-e-type=\"widget\" data-widget_type=\"text-editor.default\">\n\t\t\t\t<div class=\"elementor-widget-container\">\n\t\t\t\t\t\n<p><span style=\"font-weight: 400;\">Um die n\u00e4chsten Schritte optimal und zielgerichtet zu gestalten, ben\u00f6tigen wir ein paar Informationen. <\/span><\/p>\n<p><span style=\"font-weight: 400;\">Bitte beantworten Sie die folgenden Fragen.<\/span><\/p>\n\t\t\t\t<\/div>\n\t\t\t\t<\/div>\n\t\t\t\t\t<\/div>\n\t\t<\/div>\n\t\t\t\t<div class=\"elementor-column elementor-col-50 elementor-top-column elementor-element elementor-element-431758b\" data-id=\"431758b\" data-element_type=\"column\" data-e-type=\"column\">\n\t\t\t<div class=\"elementor-widget-wrap elementor-element-populated\">\n\t\t\t\t\t\t<div class=\"elementor-element elementor-element-b063cee elementor-widget elementor-widget-image\" data-id=\"b063cee\" data-element_type=\"widget\" data-e-type=\"widget\" data-widget_type=\"image.default\">\n\t\t\t\t<div class=\"elementor-widget-container\">\n\t\t\t\t\t\t\t\t\t\t\t\t\t\t\t<img loading=\"lazy\" decoding=\"async\" width=\"800\" height=\"534\" src=\"https:\/\/www.clever-fit.com\/app\/uploads\/2022\/11\/22-11-11-Cleverfit-1791-1024x683.jpg\" class=\"attachment-large size-large wp-image-61091\" alt=\"\" srcset=\"https:\/\/www.clever-fit.com\/app\/uploads\/2022\/11\/22-11-11-Cleverfit-1791-1024x683.jpg 1024w, https:\/\/www.clever-fit.com\/app\/uploads\/2022\/11\/22-11-11-Cleverfit-1791-300x200.jpg 300w, https:\/\/www.clever-fit.com\/app\/uploads\/2022\/11\/22-11-11-Cleverfit-1791-768x512.jpg 768w, https:\/\/www.clever-fit.com\/app\/uploads\/2022\/11\/22-11-11-Cleverfit-1791-1536x1024.jpg 1536w, https:\/\/www.clever-fit.com\/app\/uploads\/2022\/11\/22-11-11-Cleverfit-1791.jpg 1800w\" sizes=\"auto, (max-width: 800px) 100vw, 800px\" \/>\t\t\t\t\t\t\t\t\t\t\t\t\t\t\t<\/div>\n\t\t\t\t<\/div>\n\t\t\t\t\t<\/div>\n\t\t<\/div>\n\t\t\t\t\t<\/div>\n\t\t<\/section>\n\t\t<div data-particle_enable=\"false\" data-particle-mobile-disabled=\"false\" class=\"elementor-element elementor-element-81618c8 e-flex e-con-boxed e-con e-parent\" data-id=\"81618c8\" data-element_type=\"container\" data-e-type=\"container\">\n\t\t\t\t\t<div class=\"e-con-inner\">\n\t\t\t\t<div class=\"elementor-element elementor-element-77cab5c elementor-widget elementor-widget-spacer\" data-id=\"77cab5c\" data-element_type=\"widget\" data-e-type=\"widget\" data-widget_type=\"spacer.default\">\n\t\t\t\t<div class=\"elementor-widget-container\">\n\t\t\t\t\t\t\t<div class=\"elementor-spacer\">\n\t\t\t<div class=\"elementor-spacer-inner\"><\/div>\n\t\t<\/div>\n\t\t\t\t\t\t<\/div>\n\t\t\t\t<\/div>\n\t\t\t\t<div class=\"elementor-element elementor-element-c8b7dc6 elementor-button-align-stretch elementor-widget elementor-widget-form\" data-id=\"c8b7dc6\" data-element_type=\"widget\" data-e-type=\"widget\" data-settings=\"{&quot;button_width&quot;:&quot;33&quot;,&quot;step_next_label&quot;:&quot;N\\u00e4chster&quot;,&quot;step_previous_label&quot;:&quot;Voriger&quot;,&quot;step_type&quot;:&quot;number_text&quot;,&quot;step_icon_shape&quot;:&quot;circle&quot;}\" data-widget_type=\"form.default\">\n\t\t\t\t<div class=\"elementor-widget-container\">\n\t\t\t\t\t<textarea class=\"cfef_logic_data_js cfef-hidden\"><\/textarea>\t\t<form class=\"elementor-form\" method=\"post\" name=\"14 Tage Testen Umfrage\" aria-label=\"14 Tage Testen Umfrage\">\n\t\t\t<input type=\"hidden\" name=\"post_id\" value=\"86568\"\/>\n\t\t\t<input type=\"hidden\" name=\"form_id\" value=\"c8b7dc6\"\/>\n\t\t\t<input type=\"hidden\" name=\"referer_title\" value=\"Interne Umfrage clever fit Aktionen\" \/>\n\n\t\t\t\t\t\t\t<input type=\"hidden\" name=\"queried_id\" value=\"86568\"\/>\n\t\t\t\n\t\t\t<div class=\"elementor-form-fields-wrapper elementor-labels-above\">\n\t\t\t\t\t\t\t\t<div class=\"elementor-field-type-text elementor-field-group elementor-column elementor-field-group-Vorname elementor-col-25 elementor-field-required elementor-mark-required\">\n\t\t\t\t\t\t\t\t\t\t\t\t<label for=\"form-field-Vorname\" class=\"elementor-field-label\">\n\t\t\t\t\t\t\t\tVorname\t\t\t\t\t\t\t<\/label>\n\t\t\t\t\t\t\t\t\t\t\t\t\t\t<input size=\"1\" type=\"text\" name=\"form_fields[Vorname]\" id=\"form-field-Vorname\" class=\"elementor-field elementor-size-sm  elementor-field-textual\" placeholder=\"Vorname\" required=\"required\">\n\t\t\t\t\t\t\t\t\t\t\t<\/div>\n\t\t\t\t\t\t\t\t<div class=\"elementor-field-type-text elementor-field-group elementor-column elementor-field-group-Nachname elementor-col-25 elementor-field-required elementor-mark-required\">\n\t\t\t\t\t\t\t\t\t\t\t\t<label for=\"form-field-Nachname\" class=\"elementor-field-label\">\n\t\t\t\t\t\t\t\tName\t\t\t\t\t\t\t<\/label>\n\t\t\t\t\t\t\t\t\t\t\t\t\t\t<input size=\"1\" type=\"text\" name=\"form_fields[Nachname]\" id=\"form-field-Nachname\" class=\"elementor-field elementor-size-sm  elementor-field-textual\" placeholder=\"Name\" required=\"required\">\n\t\t\t\t\t\t\t\t\t\t\t<\/div>\n\t\t\t\t\t\t\t\t<div class=\"elementor-field-type-email elementor-field-group elementor-column elementor-field-group-EMail elementor-col-30 elementor-field-required elementor-mark-required\">\n\t\t\t\t\t\t\t\t\t\t\t\t<label for=\"form-field-EMail\" class=\"elementor-field-label\">\n\t\t\t\t\t\t\t\tE-Mail\t\t\t\t\t\t\t<\/label>\n\t\t\t\t\t\t\t\t\t\t\t\t\t\t<input size=\"1\" type=\"email\" name=\"form_fields[EMail]\" id=\"form-field-EMail\" class=\"elementor-field elementor-size-sm  elementor-field-textual\" placeholder=\"E-Mail\" required=\"required\">\n\t\t\t\t\t\t\t\t\t\t\t<\/div>\n\t\t\t\t\t\t\t\t<div class=\"elementor-field-type-recaptcha_v3 elementor-field-group elementor-column elementor-field-group-field_ff41743 elementor-col-100 recaptcha_v3-bottomright\">\n\t\t\t\t\t<div class=\"elementor-field\" id=\"form-field-field_ff41743\"><div class=\"elementor-g-recaptcha\" data-sitekey=\"6LcWhUYjAAAAAFWGx3QufhaZ9Y-2rgYbXUOAqrWb\" data-type=\"v3\" data-action=\"Form\" data-badge=\"bottomright\" data-size=\"invisible\"><\/div><\/div>\t\t\t\t<\/div>\n\t\t\t\t\t\t\t\t<div class=\"elementor-field-type-text elementor-field-group elementor-column elementor-field-group-Position elementor-col-50 elementor-field-required elementor-mark-required\">\n\t\t\t\t\t\t\t\t\t\t\t\t<label for=\"form-field-Position\" class=\"elementor-field-label\">\n\t\t\t\t\t\t\t\tDeine Position\t\t\t\t\t\t\t<\/label>\n\t\t\t\t\t\t\t\t\t\t\t\t\t\t<input size=\"1\" type=\"text\" name=\"form_fields[Position]\" id=\"form-field-Position\" class=\"elementor-field elementor-size-sm  elementor-field-textual\" placeholder=\"FranchisenehmerIn \/ Studioleitung \/ Regionalleitung\" required=\"required\">\n\t\t\t\t\t\t\t\t\t\t\t<\/div>\n\t\t\t\t\t\t\t\t<div class=\"elementor-field-type-textarea elementor-field-group elementor-column elementor-field-group-TeilnehmendeStudios elementor-col-70 elementor-field-required elementor-mark-required\">\n\t\t\t\t\t\t\t\t\t\t\t\t<label for=\"form-field-TeilnehmendeStudios\" class=\"elementor-field-label\">\n\t\t\t\t\t\t\t\tTeilnehmende Studios\t\t\t\t\t\t\t<\/label>\n\t\t\t\t\t\t<textarea class=\"elementor-field-textual elementor-field  elementor-size-sm\" name=\"form_fields[TeilnehmendeStudios]\" id=\"form-field-TeilnehmendeStudios\" rows=\"4\" placeholder=\"Teilnehmende Studios\" required=\"required\"><\/textarea>\t\t\t\t<\/div>\n\t\t\t\t\t\t\t\t<div class=\"elementor-field-type-html elementor-field-group elementor-column elementor-field-group-field_89b167a elementor-col-100\">\n\t\t\t\t\t<br>\t\t\t\t<\/div>\n\t\t\t\t\t\t\t\t<div class=\"elementor-field-type-radio elementor-field-group elementor-column elementor-field-group-Umsetzung elementor-col-100 elementor-field-required elementor-mark-required\">\n\t\t\t\t\t\t\t\t\t\t\t\t<label for=\"form-field-Umsetzung\" class=\"elementor-field-label\">\n\t\t\t\t\t\t\t\t1. Wie habt Ihr die Testphase im Studio umgesetzt?\t\t\t\t\t\t\t<\/label>\n\t\t\t\t\t\t<div class=\"elementor-field-subgroup  \"><span class=\"elementor-field-option\"><input type=\"radio\" value=\"Die 14-t\u00e4gige Testphase ist vollst\u00e4ndig unverbindlich und an keinem Vertrag gekoppelt.\" id=\"form-field-Umsetzung-0\" name=\"form_fields[Umsetzung]\" required=\"required\"> <label for=\"form-field-Umsetzung-0\">Die 14-t\u00e4gige Testphase ist vollst\u00e4ndig unverbindlich und an keinem Vertrag gekoppelt.<\/label><\/span><span class=\"elementor-field-option\"><input type=\"radio\" value=\"Die 14-t\u00e4gige Testphase ist an einem Vertrag gekoppelt! Hei\u00dft, es muss ein Vertrag abgeschlossen werden um die Testphase zu erhalten.\" id=\"form-field-Umsetzung-1\" name=\"form_fields[Umsetzung]\" required=\"required\"> <label for=\"form-field-Umsetzung-1\">Die 14-t\u00e4gige Testphase ist an einem Vertrag gekoppelt! Hei\u00dft, es muss ein Vertrag abgeschlossen werden um die Testphase zu erhalten.<\/label><\/span><\/div>\t\t\t\t<\/div>\n\t\t\t\t\t\t\t\t<div class=\"elementor-field-type-html elementor-field-group elementor-column elementor-field-group-field_a9105e9 elementor-col-100\">\n\t\t\t\t\t<br>\t\t\t\t<\/div>\n\t\t\t\t\t\t\t\t<div class=\"elementor-field-type-textarea elementor-field-group elementor-column elementor-field-group-Prozentzahl elementor-col-70 elementor-field-required elementor-mark-required\">\n\t\t\t\t\t\t\t\t\t\t\t\t<label for=\"form-field-Prozentzahl\" class=\"elementor-field-label\">\n\t\t\t\t\t\t\t\t2. K\u00f6nnt Ihr bitte eine ungef\u00e4hre Prozentzahl nennen, wie viele Kunden w\u00e4hrend der 14-t\u00e4gigen Testphase aktiv gek\u00fcndigt haben?\t\t\t\t\t\t\t<\/label>\n\t\t\t\t\t\t<textarea class=\"elementor-field-textual elementor-field  elementor-size-sm\" name=\"form_fields[Prozentzahl]\" id=\"form-field-Prozentzahl\" rows=\"4\" placeholder=\"Bitte Studionamen und Antwort eingeben\" required=\"required\"><\/textarea>\t\t\t\t<\/div>\n\t\t\t\t\t\t\t\t<div class=\"elementor-field-type-html elementor-field-group elementor-column elementor-field-group-field_55fe47b elementor-col-100\">\n\t\t\t\t\t<br>\t\t\t\t<\/div>\n\t\t\t\t\t\t\t\t<div class=\"elementor-field-type-textarea elementor-field-group elementor-column elementor-field-group-FlexAktionen elementor-col-70 elementor-field-required elementor-mark-required\">\n\t\t\t\t\t\t\t\t\t\t\t\t<label for=\"form-field-FlexAktionen\" class=\"elementor-field-label\">\n\t\t\t\t\t\t\t\t3. Habt ihr Erfahrungen mit monatlich k\u00fcndbaren Aktionen gesammelt? Wenn ja, k\u00f6nnt ihr uns bitte in kurzen S\u00e4tzen dar\u00fcber berichten, wie diese Aktionen f\u00fcr euch verlaufen sind?\t\t\t\t\t\t\t<\/label>\n\t\t\t\t\t\t<textarea class=\"elementor-field-textual elementor-field  elementor-size-sm\" name=\"form_fields[FlexAktionen]\" id=\"form-field-FlexAktionen\" rows=\"4\" placeholder=\"Bitte Studionamen und Antwort eingeben\" required=\"required\"><\/textarea>\t\t\t\t<\/div>\n\t\t\t\t\t\t\t\t<div class=\"elementor-field-type-html elementor-field-group elementor-column elementor-field-group-field_a0119ea elementor-col-100\">\n\t\t\t\t\t<br>\t\t\t\t<\/div>\n\t\t\t\t\t\t\t\t<div class=\"elementor-field-type-textarea elementor-field-group elementor-column elementor-field-group-DauerhafteKampagne elementor-col-70 elementor-field-required elementor-mark-required\">\n\t\t\t\t\t\t\t\t\t\t\t\t<label for=\"form-field-DauerhafteKampagne\" class=\"elementor-field-label\">\n\t\t\t\t\t\t\t\t4. Was haltet ihr davon, die 14-t\u00e4gige Aktion zu einer dauerhaften Kampagne umzugestalten? Diese w\u00fcrde dann immer angeboten werden, aber mit dem Unterschied, dass sie immer an einem Vertrag gekoppelt ist.\t\t\t\t\t\t\t<\/label>\n\t\t\t\t\t\t<textarea class=\"elementor-field-textual elementor-field  elementor-size-sm\" name=\"form_fields[DauerhafteKampagne]\" id=\"form-field-DauerhafteKampagne\" rows=\"4\" placeholder=\"Bitte Studionamen und Antwort eingeben\" required=\"required\"><\/textarea>\t\t\t\t<\/div>\n\t\t\t\t\t\t\t\t<div class=\"elementor-field-type-radio elementor-field-group elementor-column elementor-field-group-DauerhaftaKampagneRadio elementor-col-100\">\n\t\t\t\t\t<div class=\"elementor-field-subgroup  \"><span class=\"elementor-field-option\"><input type=\"radio\" value=\"Gute Idee\" id=\"form-field-DauerhaftaKampagneRadio-0\" name=\"form_fields[DauerhaftaKampagneRadio]\"> <label for=\"form-field-DauerhaftaKampagneRadio-0\">Gute Idee<\/label><\/span><span class=\"elementor-field-option\"><input type=\"radio\" value=\"Schlechte Idee\" id=\"form-field-DauerhaftaKampagneRadio-1\" name=\"form_fields[DauerhaftaKampagneRadio]\"> <label for=\"form-field-DauerhaftaKampagneRadio-1\">Schlechte Idee<\/label><\/span><span class=\"elementor-field-option\"><input type=\"radio\" value=\"Keine Meinung\" id=\"form-field-DauerhaftaKampagneRadio-2\" name=\"form_fields[DauerhaftaKampagneRadio]\"> <label for=\"form-field-DauerhaftaKampagneRadio-2\">Keine Meinung<\/label><\/span><\/div>\t\t\t\t<\/div>\n\t\t\t\t\t\t\t\t<div class=\"elementor-field-type-html elementor-field-group elementor-column elementor-field-group-field_0f883c3 elementor-col-100\">\n\t\t\t\t\t<br>\t\t\t\t<\/div>\n\t\t\t\t\t\t\t\t<div class=\"elementor-field-type-textarea elementor-field-group elementor-column elementor-field-group-EMailDatenpool elementor-col-70 elementor-field-required elementor-mark-required\">\n\t\t\t\t\t\t\t\t\t\t\t\t<label for=\"form-field-EMailDatenpool\" class=\"elementor-field-label\">\n\t\t\t\t\t\t\t\t5. Welche E-Mail Adresse soll f\u00fcr das Datentool freigeschaltet werden?\t\t\t\t\t\t\t<\/label>\n\t\t\t\t\t\t<textarea class=\"elementor-field-textual elementor-field  elementor-size-sm\" name=\"form_fields[EMailDatenpool]\" id=\"form-field-EMailDatenpool\" rows=\"4\" placeholder=\"Bitte Studionamen und dazugeh\u00f6rige E-Mail eingeben\" required=\"required\"><\/textarea>\t\t\t\t<\/div>\n\t\t\t\t\t\t\t\t<div class=\"elementor-field-type-html elementor-field-group elementor-column elementor-field-group-field_ff7ff04 elementor-col-100\">\n\t\t\t\t\t<br>\t\t\t\t<\/div>\n\t\t\t\t\t\t\t\t<div class=\"elementor-field-type-textarea elementor-field-group elementor-column elementor-field-group-AktionsWunsch elementor-col-70 elementor-field-required elementor-mark-required\">\n\t\t\t\t\t\t\t\t\t\t\t\t<label for=\"form-field-AktionsWunsch\" class=\"elementor-field-label\">\n\t\t\t\t\t\t\t\t6. Welche Aktionen w\u00fcrdet ihr f\u00fcr die kommenden Monate und eure Region w\u00fcnschen? Und gibt es noch sonstige Empfehlungen\/Anmerkungen? \t\t\t\t\t\t\t<\/label>\n\t\t\t\t\t\t<textarea class=\"elementor-field-textual elementor-field  elementor-size-sm\" name=\"form_fields[AktionsWunsch]\" id=\"form-field-AktionsWunsch\" rows=\"4\" placeholder=\"Bitte Studionamen und Antwort eingeben\" required=\"required\"><\/textarea>\t\t\t\t<\/div>\n\t\t\t\t\t\t\t\t<div class=\"elementor-field-type-html elementor-field-group elementor-column elementor-field-group-field_c52eceb elementor-col-100\">\n\t\t\t\t\t<br>\t\t\t\t<\/div>\n\t\t\t\t\t\t\t\t<div class=\"elementor-field-type-textarea elementor-field-group elementor-column elementor-field-group-AbgeschlosseneMitgliedschaften elementor-col-70 elementor-field-required elementor-mark-required\">\n\t\t\t\t\t\t\t\t\t\t\t\t<label for=\"form-field-AbgeschlosseneMitgliedschaften\" class=\"elementor-field-label\">\n\t\t\t\t\t\t\t\t7. Abgeschlossene Mitgliedschaften im Kampagnenzeitraum (bis heute)\t\t\t\t\t\t\t<\/label>\n\t\t\t\t\t\t<textarea class=\"elementor-field-textual elementor-field  elementor-size-sm\" name=\"form_fields[AbgeschlosseneMitgliedschaften]\" id=\"form-field-AbgeschlosseneMitgliedschaften\" rows=\"4\" placeholder=\"Bitte Studionamen und Antwort eingeben\" required=\"required\"><\/textarea>\t\t\t\t<\/div>\n\t\t\t\t\t\t\t\t<div class=\"elementor-field-group elementor-column elementor-field-type-submit elementor-col-33 e-form__buttons\">\n\t\t\t\t\t<button class=\"elementor-button elementor-size-sm\" type=\"submit\">\n\t\t\t\t\t\t<span class=\"elementor-button-content-wrapper\">\n\t\t\t\t\t\t\t\t\t\t\t\t\t\t\t\t\t\t\t\t\t\t<span class=\"elementor-button-text\">Senden<\/span>\n\t\t\t\t\t\t\t\t\t\t\t\t\t<\/span>\n\t\t\t\t\t<\/button>\n\t\t\t\t<\/div>\n\t\t\t<\/div>\n\t\t<\/form>\n\t\t\t\t\t\t<\/div>\n\t\t\t\t<\/div>\n\t\t\t\t\t<\/div>\n\t\t\t\t<\/div>\n\t\t\t\t<\/div>\n\t\t","protected":false},"excerpt":{"rendered":"<p>clever fit 2023 &#8211; 14 Tage Testen Aktion Umfrage f\u00fcr teilnehmende Studios &#038; franchisenehmer Um die n\u00e4chsten Schritte optimal und zielgerichtet zu gestalten, ben\u00f6tigen wir ein paar Informationen. Bitte beantworten [&hellip;]<\/p>\n","protected":false},"author":530,"featured_media":0,"parent":0,"menu_order":0,"comment_status":"closed","ping_status":"closed","template":"","meta":{"_acf_changed":false,"_seopress_robots_primary_cat":"","_seopress_titles_title":"","_seopress_titles_desc":"","_seopress_robots_index":"yes","footnotes":""},"class_list":["post-86568","page","type-page","status-publish","hentry"],"acf":[],"_links":{"self":[{"href":"https:\/\/www.clever-fit.com\/de\/wp-json\/wp\/v2\/pages\/86568","targetHints":{"allow":["GET"]}}],"collection":[{"href":"https:\/\/www.clever-fit.com\/de\/wp-json\/wp\/v2\/pages"}],"about":[{"href":"https:\/\/www.clever-fit.com\/de\/wp-json\/wp\/v2\/types\/page"}],"author":[{"embeddable":true,"href":"https:\/\/www.clever-fit.com\/de\/wp-json\/wp\/v2\/users\/530"}],"replies":[{"embeddable":true,"href":"https:\/\/www.clever-fit.com\/de\/wp-json\/wp\/v2\/comments?post=86568"}],"version-history":[{"count":40,"href":"https:\/\/www.clever-fit.com\/de\/wp-json\/wp\/v2\/pages\/86568\/revisions"}],"predecessor-version":[{"id":86908,"href":"https:\/\/www.clever-fit.com\/de\/wp-json\/wp\/v2\/pages\/86568\/revisions\/86908"}],"wp:attachment":[{"href":"https:\/\/www.clever-fit.com\/de\/wp-json\/wp\/v2\/media?parent=86568"}],"curies":[{"name":"wp","href":"https:\/\/api.w.org\/{rel}","templated":true}]}}