{"id":319920,"date":"2023-03-15T10:46:33","date_gmt":"2023-03-15T09:46:33","guid":{"rendered":"https:\/\/www.clever-fit.com\/carriere\/"},"modified":"2026-01-29T13:41:49","modified_gmt":"2026-01-29T12:41:49","slug":"carriere","status":"publish","type":"page","link":"https:\/\/www.clever-fit.com\/fr-CH\/carriere\/","title":{"rendered":"Carri\u00e8re"},"content":{"rendered":"\t\t<div data-elementor-type=\"wp-page\" data-elementor-id=\"319920\" class=\"elementor elementor-319920 elementor-120695\" data-elementor-post-type=\"page\">\n\t\t\t\t<div data-particle_enable=\"false\" data-particle-mobile-disabled=\"false\" class=\"elementor-element elementor-element-4743a16 e-con-full e-flex e-con e-parent\" data-id=\"4743a16\" data-element_type=\"container\" data-e-type=\"container\" data-settings=\"{&quot;background_background&quot;:&quot;classic&quot;}\">\n\t\t<div data-particle_enable=\"false\" data-particle-mobile-disabled=\"false\" class=\"elementor-element elementor-element-c4e006a e-flex e-con-boxed e-con e-child\" data-id=\"c4e006a\" data-element_type=\"container\" data-e-type=\"container\">\n\t\t\t\t\t<div class=\"e-con-inner\">\n\t\t\t\t\t<\/div>\n\t\t\t\t<\/div>\n\t\t<div data-particle_enable=\"false\" data-particle-mobile-disabled=\"false\" class=\"elementor-element elementor-element-777d8d99 e-con-full e-flex e-con e-child\" data-id=\"777d8d99\" data-element_type=\"container\" data-e-type=\"container\">\n\t\t\t\t<div class=\"elementor-element elementor-element-25b4ae9b elementor-widget elementor-widget-cle-title\" data-id=\"25b4ae9b\" data-element_type=\"widget\" data-e-type=\"widget\" data-widget_type=\"cle-title.default\">\n\t\t\t\t<div class=\"elementor-widget-container\">\n\t\t\t\t\t        <div class=\"cle-title white-on-black small skew\">\n\n                            <div class=\"cle-title__row-1\">\n                    DEVENEZ                <\/div>\n                \n                            <div class=\"cle-title__row-2\">\n                    ENTERT(R)AINER.IN                <\/div>\n                \n            \n                            <div class=\"cle-title__subtitle\">\n                    MAIS SOIS BIEN PLUS QUE CELA.                <\/div>\n                \n                            <div class=\"cle-title__text-box\">\n                    En tant que coach, tu es un mod\u00e8le, un conseiller et une personne de confiance. Car gr\u00e2ce \u00e0 ton travail, tu permets de r\u00e9aliser des r\u00eaves. Et tu es le facteur d\u00e9cisif qui fait de nos studios des lieux incontournables. Pour les membres, l'\u00e9quipe et toi-m\u00eame.                 <\/div>\n                \n        <\/div>\n        \t\t\t\t<\/div>\n\t\t\t\t<\/div>\n\t\t\t\t<\/div>\n\t\t\t\t<div class=\"elementor-element elementor-element-7188df85 elementor-widget elementor-widget-spacer\" data-id=\"7188df85\" data-element_type=\"widget\" data-e-type=\"widget\" data-widget_type=\"spacer.default\">\n\t\t\t\t<div class=\"elementor-widget-container\">\n\t\t\t\t\t\t\t<div class=\"elementor-spacer\">\n\t\t\t<div class=\"elementor-spacer-inner\"><\/div>\n\t\t<\/div>\n\t\t\t\t\t\t<\/div>\n\t\t\t\t<\/div>\n\t\t\t\t<\/div>\n\t\t<div data-particle_enable=\"false\" data-particle-mobile-disabled=\"false\" class=\"elementor-element elementor-element-4204905 e-flex e-con-boxed e-con e-parent\" data-id=\"4204905\" data-element_type=\"container\" data-e-type=\"container\">\n\t\t\t\t\t<div class=\"e-con-inner\">\n\t\t\t\t<div class=\"elementor-element elementor-element-28595b3 elementor-widget elementor-widget-cle-breadcrumb\" data-id=\"28595b3\" data-element_type=\"widget\" data-e-type=\"widget\" data-widget_type=\"cle-breadcrumb.default\">\n\t\t\t\t<div class=\"elementor-widget-container\">\n\t\t\t\t\t        <div>\n            <div class=\"cle-breadcrumb__wrapper\"><nav class=\"cle-breadcrumb\"><a href=\"https:\/\/www.clever-fit.com\/fr-CH\/\"><div class=\"cle-breadcrumb__home\">clever fit<\/div><\/a> <div class=\"cle-breadcrumb__divider\"><\/div> <div class=\"cle-breadcrumb__current-page\">Pages<\/span><\/nav><\/div><!-- cle-breadcrumb -->        <\/div>\n        \t\t\t\t<\/div>\n\t\t\t\t<\/div>\n\t\t\t\t\t<\/div>\n\t\t\t\t<\/div>\n\t\t<div data-particle_enable=\"false\" data-particle-mobile-disabled=\"false\" class=\"elementor-element elementor-element-9f1a82d e-flex e-con-boxed e-con e-parent\" data-id=\"9f1a82d\" data-element_type=\"container\" data-e-type=\"container\">\n\t\t\t\t\t<div class=\"e-con-inner\">\n\t\t\t\t<div class=\"elementor-element elementor-element-6a56500 elementor-widget elementor-widget-spacer\" data-id=\"6a56500\" data-element_type=\"widget\" data-e-type=\"widget\" data-widget_type=\"spacer.default\">\n\t\t\t\t<div class=\"elementor-widget-container\">\n\t\t\t\t\t\t\t<div class=\"elementor-spacer\">\n\t\t\t<div class=\"elementor-spacer-inner\"><\/div>\n\t\t<\/div>\n\t\t\t\t\t\t<\/div>\n\t\t\t\t<\/div>\n\t\t\t\t<div class=\"elementor-element elementor-element-4c216ba elementor-widget elementor-widget-heading\" data-id=\"4c216ba\" data-element_type=\"widget\" data-e-type=\"widget\" data-widget_type=\"heading.default\">\n\t\t\t\t<div class=\"elementor-widget-container\">\n\t\t\t\t\t<h1 class=\"elementor-heading-title elementor-size-default\">Faire carri\u00e8re chez clever fit<\/h1>\t\t\t\t<\/div>\n\t\t\t\t<\/div>\n\t\t\t\t<div class=\"elementor-element elementor-element-c8c7f7c elementor-widget elementor-widget-text-editor\" data-id=\"c8c7f7c\" data-element_type=\"widget\" data-e-type=\"widget\" data-widget_type=\"text-editor.default\">\n\t\t\t\t<div class=\"elementor-widget-container\">\n\t\t\t\t\t\n<p>Tu as beaucoup de talents. Que ce soit sur la surface d\u2019entra\u00eenement ou dans le management.<\/p>\n<p>Avec toi, nos studios deviennent un lieu tr\u00e8s sp\u00e9cial!<\/p>\n<p>Nous te montrons comment tu peux construire ton avenir chez\/avec nous.<\/p>\n\t\t\t\t<\/div>\n\t\t\t\t<\/div>\n\t\t\t\t<div class=\"elementor-element elementor-element-0622eb4 elementor-widget elementor-widget-spacer\" data-id=\"0622eb4\" data-element_type=\"widget\" data-e-type=\"widget\" data-widget_type=\"spacer.default\">\n\t\t\t\t<div class=\"elementor-widget-container\">\n\t\t\t\t\t\t\t<div class=\"elementor-spacer\">\n\t\t\t<div class=\"elementor-spacer-inner\"><\/div>\n\t\t<\/div>\n\t\t\t\t\t\t<\/div>\n\t\t\t\t<\/div>\n\t\t\t\t<div class=\"elementor-element elementor-element-c5df261 elementor-widget elementor-widget-text-editor\" data-id=\"c5df261\" data-element_type=\"widget\" data-e-type=\"widget\" data-widget_type=\"text-editor.default\">\n\t\t\t\t<div class=\"elementor-widget-container\">\n\t\t\t\t\t\n<p>Trouve ton emploi dans l\u2019un des 23 centres clever fit<\/p>\n\t\t\t\t<\/div>\n\t\t\t\t<\/div>\n\t\t\t\t<div class=\"elementor-element elementor-element-63dfdbf elementor-button-secondary_alt elementor-widget elementor-widget-button\" data-id=\"63dfdbf\" data-element_type=\"widget\" data-e-type=\"widget\" data-widget_type=\"button.default\">\n\t\t\t\t<div class=\"elementor-widget-container\">\n\t\t\t\t\t\t\t\t\t<div class=\"elementor-button-wrapper\">\n\t\t\t\t\t<a class=\"elementor-button elementor-button-link elementor-size-sm\" href=\"\/fr-CH\/carriere\/recherche-d-emploi\/\">\n\t\t\t\t\t\t<span class=\"elementor-button-content-wrapper\">\n\t\t\t\t\t\t\t\t\t<span class=\"elementor-button-text\">Vers les offres d'emploi<\/span>\n\t\t\t\t\t<\/span>\n\t\t\t\t\t<\/a>\n\t\t\t\t<\/div>\n\t\t\t\t\t\t\t\t<\/div>\n\t\t\t\t<\/div>\n\t\t\t\t<div class=\"elementor-element elementor-element-a361a52 elementor-widget elementor-widget-spacer\" data-id=\"a361a52\" data-element_type=\"widget\" data-e-type=\"widget\" data-widget_type=\"spacer.default\">\n\t\t\t\t<div class=\"elementor-widget-container\">\n\t\t\t\t\t\t\t<div class=\"elementor-spacer\">\n\t\t\t<div class=\"elementor-spacer-inner\"><\/div>\n\t\t<\/div>\n\t\t\t\t\t\t<\/div>\n\t\t\t\t<\/div>\n\t\t\t\t\t<\/div>\n\t\t\t\t<\/div>\n\t\t<div data-particle_enable=\"false\" data-particle-mobile-disabled=\"false\" class=\"elementor-element elementor-element-4fffc21 e-con-full e-flex e-con e-parent\" data-id=\"4fffc21\" data-element_type=\"container\" data-e-type=\"container\" data-settings=\"{&quot;background_background&quot;:&quot;classic&quot;}\">\n\t\t<div data-particle_enable=\"false\" data-particle-mobile-disabled=\"false\" class=\"elementor-element elementor-element-67a4b59 e-flex e-con-boxed e-con e-child\" data-id=\"67a4b59\" data-element_type=\"container\" data-e-type=\"container\">\n\t\t\t\t\t<div class=\"e-con-inner\">\n\t\t\t\t<div class=\"elementor-element elementor-element-c4520b4 elementor-widget elementor-widget-heading\" data-id=\"c4520b4\" data-element_type=\"widget\" data-e-type=\"widget\" data-widget_type=\"heading.default\">\n\t\t\t\t<div class=\"elementor-widget-container\">\n\t\t\t\t\t<h2 class=\"elementor-heading-title elementor-size-default\">Tes avantages chez clever fit Suisse<\/h2>\t\t\t\t<\/div>\n\t\t\t\t<\/div>\n\t\t\t\t<div class=\"elementor-element elementor-element-27bdb19 elementor-widget elementor-widget-text-editor\" data-id=\"27bdb19\" data-element_type=\"widget\" data-e-type=\"widget\" data-widget_type=\"text-editor.default\">\n\t\t\t\t<div class=\"elementor-widget-container\">\n\t\t\t\t\t\n<ul>\n<li>Chez clever fit, tu obtiens un emploi correctement r\u00e9mun\u00e9r\u00e9 avec des horaires de travail flexibles.<\/li>\n<li>Chez clever fit, tu as de multiples possibilit\u00e9s d\u2019avancement, de la surface d\u2019entra\u00eenement au management.<\/li>\n<li>Tu peux suivre des formations continues cibl\u00e9es gr\u00e2ce \u00e0 notre propre acad\u00e9mie de formation et de perfectionnement clever fit (\u00e9galement en coop\u00e9ration avec l\u2019institut de formation IST et l\u2019acad\u00e9mie BSA) et progresser ainsi toujours plus professionnellement.<\/li>\n<li>Tu travailles dans des studios modernes avec des appareils des marques les plus prestigieuses.<\/li>\n<li>Tes coll\u00e8gues et collaborateurs ont la m\u00eame passion que toi. Cela promet une ambiance de travail dans laquelle tu te sentiras \u00e0 l\u2019aise.<\/li>\n<li>Et, bien s\u00fbr, tu t\u2019entra\u00eenes gratuitement chez nous.<\/li>\n<\/ul>\n\t\t\t\t<\/div>\n\t\t\t\t<\/div>\n\t\t\t\t\t<\/div>\n\t\t\t\t<\/div>\n\t\t\t\t<\/div>\n\t\t<a data-particle_enable=\"false\" data-particle-mobile-disabled=\"false\" class=\"elementor-element elementor-element-c04a68a e-con-full e-flex e-con e-parent\" data-id=\"c04a68a\" data-element_type=\"container\" data-e-type=\"container\" href=\"https:\/\/www.clever-fit.com\/de\/karriere\/job-faktencheck\/\">\n\t\t\t\t<div class=\"elementor-element elementor-element-ef76b63 elementor-widget elementor-widget-cle-heading23\" data-id=\"ef76b63\" data-element_type=\"widget\" data-e-type=\"widget\" data-widget_type=\"cle-heading23.default\">\n\t\t\t\t<div class=\"elementor-widget-container\">\n\t\t\t\t\t        <div class=\"cle-heading23 \">\n\n                            <div class=\"cle-heading23__row-1\">\n                    TOUS LES ENTRA\u00ceNEURS DE SALLE DE SPORT SONT-ILS \u00c9GALEMENT COMP\u00c9TENTS ?                <\/div>\n                \n                            <div class=\"cle-heading23__row-2\">\n                    BIEN S\u00dbR QUE NON ! NOS R\u00c9USSITES :                <\/div>\n                \n            \n        <\/div>\n        \t\t\t\t<\/div>\n\t\t\t\t<\/div>\n\t\t\t\t<\/a>\n\t\t<div data-particle_enable=\"false\" data-particle-mobile-disabled=\"false\" class=\"elementor-element elementor-element-88f634f e-con-full e-flex e-con e-parent\" data-id=\"88f634f\" data-element_type=\"container\" data-e-type=\"container\" data-settings=\"{&quot;background_background&quot;:&quot;classic&quot;}\">\n\t\t<div data-particle_enable=\"false\" data-particle-mobile-disabled=\"false\" class=\"elementor-element elementor-element-337df954 e-flex e-con-boxed e-con e-child\" data-id=\"337df954\" data-element_type=\"container\" data-e-type=\"container\">\n\t\t\t\t\t<div class=\"e-con-inner\">\n\t\t\t\t\t<\/div>\n\t\t\t\t<\/div>\n\t\t<div data-particle_enable=\"false\" data-particle-mobile-disabled=\"false\" class=\"elementor-element elementor-element-7eb1e9d7 e-con-full e-flex e-con e-child\" data-id=\"7eb1e9d7\" data-element_type=\"container\" data-e-type=\"container\">\n\t\t\t\t<div class=\"elementor-element elementor-element-508fde7c elementor-widget elementor-widget-cle-title\" data-id=\"508fde7c\" data-element_type=\"widget\" data-e-type=\"widget\" data-widget_type=\"cle-title.default\">\n\t\t\t\t<div class=\"elementor-widget-container\">\n\t\t\t\t\t        <div class=\"cle-title white-on-black small skew\">\n\n            \n                            <div class=\"cle-title__row-2\">\n                    Faites carri\u00e8re                <\/div>\n                \n                            <div class=\"cle-title__row-3\">\n                    chez clever fit                <\/div>\n                \n            \n            \n        <\/div>\n        \t\t\t\t<\/div>\n\t\t\t\t<\/div>\n\t\t\t\t<\/div>\n\t\t<div data-particle_enable=\"false\" data-particle-mobile-disabled=\"false\" class=\"elementor-element elementor-element-641878bf e-con-full e-flex e-con e-child\" data-id=\"641878bf\" data-element_type=\"container\" data-e-type=\"container\">\n\t\t\t\t<div class=\"elementor-element elementor-element-6fa3c95 elementor-widget elementor-widget-button\" data-id=\"6fa3c95\" data-element_type=\"widget\" data-e-type=\"widget\" data-widget_type=\"button.default\">\n\t\t\t\t<div class=\"elementor-widget-container\">\n\t\t\t\t\t\t\t\t\t<div class=\"elementor-button-wrapper\">\n\t\t\t\t\t<a class=\"elementor-button elementor-button-link elementor-size-sm\" href=\"https:\/\/www.clever-fit.com\/fr-CH\/carriere\/success-stories\/\">\n\t\t\t\t\t\t<span class=\"elementor-button-content-wrapper\">\n\t\t\t\t\t\t\t\t\t<span class=\"elementor-button-text\">Nos r\u00e9ussites<\/span>\n\t\t\t\t\t<\/span>\n\t\t\t\t\t<\/a>\n\t\t\t\t<\/div>\n\t\t\t\t\t\t\t\t<\/div>\n\t\t\t\t<\/div>\n\t\t\t\t<\/div>\n\t\t\t\t<div class=\"elementor-element elementor-element-16b857f elementor-widget elementor-widget-spacer\" data-id=\"16b857f\" data-element_type=\"widget\" data-e-type=\"widget\" data-widget_type=\"spacer.default\">\n\t\t\t\t<div class=\"elementor-widget-container\">\n\t\t\t\t\t\t\t<div class=\"elementor-spacer\">\n\t\t\t<div class=\"elementor-spacer-inner\"><\/div>\n\t\t<\/div>\n\t\t\t\t\t\t<\/div>\n\t\t\t\t<\/div>\n\t\t\t\t<div class=\"elementor-element elementor-element-1d823513 elementor-widget elementor-widget-spacer\" data-id=\"1d823513\" data-element_type=\"widget\" data-e-type=\"widget\" data-widget_type=\"spacer.default\">\n\t\t\t\t<div class=\"elementor-widget-container\">\n\t\t\t\t\t\t\t<div class=\"elementor-spacer\">\n\t\t\t<div class=\"elementor-spacer-inner\"><\/div>\n\t\t<\/div>\n\t\t\t\t\t\t<\/div>\n\t\t\t\t<\/div>\n\t\t\t\t<\/div>\n\t\t<div data-particle_enable=\"false\" data-particle-mobile-disabled=\"false\" class=\"elementor-element elementor-element-0e9de9f e-con-full e-flex e-con e-parent\" data-id=\"0e9de9f\" data-element_type=\"container\" data-e-type=\"container\">\n\t\t\t\t<div class=\"elementor-element elementor-element-d81e79a elementor-widget elementor-widget-spacer\" data-id=\"d81e79a\" data-element_type=\"widget\" data-e-type=\"widget\" data-widget_type=\"spacer.default\">\n\t\t\t\t<div class=\"elementor-widget-container\">\n\t\t\t\t\t\t\t<div class=\"elementor-spacer\">\n\t\t\t<div class=\"elementor-spacer-inner\"><\/div>\n\t\t<\/div>\n\t\t\t\t\t\t<\/div>\n\t\t\t\t<\/div>\n\t\t\t\t<div class=\"elementor-element elementor-element-6e95c94 elementor-widget elementor-widget-cle-heading23\" data-id=\"6e95c94\" data-element_type=\"widget\" data-e-type=\"widget\" data-widget_type=\"cle-heading23.default\">\n\t\t\t\t<div class=\"elementor-widget-container\">\n\t\t\t\t\t        <div class=\"cle-heading23 \">\n\n                            <div class=\"cle-heading23__row-1\">\n                    COACH DE VIE ? MOTIVATEUR ? CONSEILLER ?                <\/div>\n                \n                            <div class=\"cle-heading23__row-2\">\n                    QUI \u00caTES-VOUS AUJOURD'HUI ? QUI VOULEZ-VOUS DEVENIR ?                <\/div>\n                \n            \n        <\/div>\n        \t\t\t\t<\/div>\n\t\t\t\t<\/div>\n\t\t\t\t<\/div>\n\t\t<div data-particle_enable=\"false\" data-particle-mobile-disabled=\"false\" class=\"elementor-element elementor-element-d0a4c78 e-con-full e-flex e-con e-parent\" data-id=\"d0a4c78\" data-element_type=\"container\" data-e-type=\"container\" data-settings=\"{&quot;background_background&quot;:&quot;classic&quot;}\">\n\t\t<div data-particle_enable=\"false\" data-particle-mobile-disabled=\"false\" class=\"elementor-element elementor-element-b4630da e-flex e-con-boxed e-con e-child\" data-id=\"b4630da\" data-element_type=\"container\" data-e-type=\"container\">\n\t\t\t\t\t<div class=\"e-con-inner\">\n\t\t\t\t<div class=\"elementor-element elementor-element-a0361e3 elementor-widget elementor-widget-text-editor\" data-id=\"a0361e3\" data-element_type=\"widget\" data-e-type=\"widget\" data-widget_type=\"text-editor.default\">\n\t\t\t\t<div class=\"elementor-widget-container\">\n\t\t\t\t\t\n<p>Pour pr\u00e8s d\u2019un million de membres, nos centres clever fit sont un lieu important. Ils le fr\u00e9quentent parce qu\u2019ils y trouvent des conditions optimales pour travailler \u00e0 la r\u00e9alisation de leurs objectifs personnels:<br \/>sant\u00e9 et bien-\u00eatre.<\/p>\n<p>En tant que collaborateur(trice), tu pr\u00e9serves ce lieu important et tu aides nos membres \u00e0 atteindre leur objectif. Nous offrons un environnement de travail ONECOMMUNITY dans lequel nous sommes l\u00e0 les uns pour les autres et o\u00f9 nous nous encourageons mutuellement en nous valorisant.<\/p>\n\t\t\t\t<\/div>\n\t\t\t\t<\/div>\n\t\t\t\t\t<\/div>\n\t\t\t\t<\/div>\n\t\t\t\t<\/div>\n\t\t<div data-particle_enable=\"false\" data-particle-mobile-disabled=\"false\" class=\"elementor-element elementor-element-27339a8 e-con-full e-flex e-con e-parent\" data-id=\"27339a8\" data-element_type=\"container\" data-e-type=\"container\" data-settings=\"{&quot;background_background&quot;:&quot;classic&quot;}\">\n\t\t<div data-particle_enable=\"false\" data-particle-mobile-disabled=\"false\" class=\"elementor-element elementor-element-5a693722 e-flex e-con-boxed e-con e-child\" data-id=\"5a693722\" data-element_type=\"container\" data-e-type=\"container\">\n\t\t\t\t\t<div class=\"e-con-inner\">\n\t\t\t\t\t<\/div>\n\t\t\t\t<\/div>\n\t\t<div data-particle_enable=\"false\" data-particle-mobile-disabled=\"false\" class=\"elementor-element elementor-element-105f9adc e-con-full e-flex e-con e-child\" data-id=\"105f9adc\" data-element_type=\"container\" data-e-type=\"container\">\n\t\t\t\t<div class=\"elementor-element elementor-element-5f591872 elementor-widget elementor-widget-cle-title\" data-id=\"5f591872\" data-element_type=\"widget\" data-e-type=\"widget\" data-widget_type=\"cle-title.default\">\n\t\t\t\t<div class=\"elementor-widget-container\">\n\t\t\t\t\t        <div class=\"cle-title white-on-black small skew\">\n\n                            <div class=\"cle-title__row-1\">\n                    Formation                <\/div>\n                \n                            <div class=\"cle-title__row-2\">\n                    Notre                <\/div>\n                \n                            <div class=\"cle-title__row-3\">\n                    forge des h\u00e9ros                <\/div>\n                \n            \n            \n        <\/div>\n        \t\t\t\t<\/div>\n\t\t\t\t<\/div>\n\t\t\t\t<\/div>\n\t\t\t\t<div class=\"elementor-element elementor-element-66d0fc1b elementor-widget elementor-widget-spacer\" data-id=\"66d0fc1b\" data-element_type=\"widget\" data-e-type=\"widget\" data-widget_type=\"spacer.default\">\n\t\t\t\t<div class=\"elementor-widget-container\">\n\t\t\t\t\t\t\t<div class=\"elementor-spacer\">\n\t\t\t<div class=\"elementor-spacer-inner\"><\/div>\n\t\t<\/div>\n\t\t\t\t\t\t<\/div>\n\t\t\t\t<\/div>\n\t\t\t\t<\/div>\n\t\t<div data-particle_enable=\"false\" data-particle-mobile-disabled=\"false\" class=\"elementor-element elementor-element-7c1c85b e-flex e-con-boxed e-con e-parent\" data-id=\"7c1c85b\" data-element_type=\"container\" data-e-type=\"container\">\n\t\t\t\t\t<div class=\"e-con-inner\">\n\t\t\t\t<div class=\"elementor-element elementor-element-e6c6ac8 elementor-widget elementor-widget-spacer\" data-id=\"e6c6ac8\" data-element_type=\"widget\" data-e-type=\"widget\" data-widget_type=\"spacer.default\">\n\t\t\t\t<div class=\"elementor-widget-container\">\n\t\t\t\t\t\t\t<div class=\"elementor-spacer\">\n\t\t\t<div class=\"elementor-spacer-inner\"><\/div>\n\t\t<\/div>\n\t\t\t\t\t\t<\/div>\n\t\t\t\t<\/div>\n\t\t\t\t<div class=\"elementor-element elementor-element-dfa3245 elementor-widget elementor-widget-heading\" data-id=\"dfa3245\" data-element_type=\"widget\" data-e-type=\"widget\" data-widget_type=\"heading.default\">\n\t\t\t\t<div class=\"elementor-widget-container\">\n\t\t\t\t\t<h2 class=\"elementor-heading-title elementor-size-default\">Formation continue dans l\u2019Academy<\/h2>\t\t\t\t<\/div>\n\t\t\t\t<\/div>\n\t\t\t\t<div class=\"elementor-element elementor-element-e3587ab elementor-widget elementor-widget-text-editor\" data-id=\"e3587ab\" data-element_type=\"widget\" data-e-type=\"widget\" data-widget_type=\"text-editor.default\">\n\t\t\t\t<div class=\"elementor-widget-container\">\n\t\t\t\t\t\n<p>Le d\u00e9veloppement est notre priorit\u00e9 num\u00e9ro 1. Nous voulons que tu aimes ton travail et que tu reconnaisses la valeur que tu as pour les autres. Gr\u00e2ce \u00e0 ton expertise, \u00e0 ta passion et \u00e0 ta motivation, nous ferons de toi un h\u00e9ros. Pour ce faire, nous encourageons nos collaborateurs et les accompagnons tout au long de leur carri\u00e8re.<\/p>\n\t\t\t\t<\/div>\n\t\t\t\t<\/div>\n\t\t\t\t<div class=\"elementor-element elementor-element-f81e73f elementor-widget elementor-widget-spacer\" data-id=\"f81e73f\" data-element_type=\"widget\" data-e-type=\"widget\" data-widget_type=\"spacer.default\">\n\t\t\t\t<div class=\"elementor-widget-container\">\n\t\t\t\t\t\t\t<div class=\"elementor-spacer\">\n\t\t\t<div class=\"elementor-spacer-inner\"><\/div>\n\t\t<\/div>\n\t\t\t\t\t\t<\/div>\n\t\t\t\t<\/div>\n\t\t\t\t<div class=\"elementor-element elementor-element-2cfb222 elementor-button-secondary_alt elementor-widget elementor-widget-button\" data-id=\"2cfb222\" data-element_type=\"widget\" data-e-type=\"widget\" data-widget_type=\"button.default\">\n\t\t\t\t<div class=\"elementor-widget-container\">\n\t\t\t\t\t\t\t\t\t<div class=\"elementor-button-wrapper\">\n\t\t\t\t\t<a class=\"elementor-button elementor-button-link elementor-size-sm\" href=\"https:\/\/akademie.clever-fit.com\">\n\t\t\t\t\t\t<span class=\"elementor-button-content-wrapper\">\n\t\t\t\t\t\t\t\t\t<span class=\"elementor-button-text\">Vers clever fit academy<\/span>\n\t\t\t\t\t<\/span>\n\t\t\t\t\t<\/a>\n\t\t\t\t<\/div>\n\t\t\t\t\t\t\t\t<\/div>\n\t\t\t\t<\/div>\n\t\t\t\t<div class=\"elementor-element elementor-element-887d1eb elementor-widget elementor-widget-spacer\" data-id=\"887d1eb\" data-element_type=\"widget\" data-e-type=\"widget\" data-widget_type=\"spacer.default\">\n\t\t\t\t<div class=\"elementor-widget-container\">\n\t\t\t\t\t\t\t<div class=\"elementor-spacer\">\n\t\t\t<div class=\"elementor-spacer-inner\"><\/div>\n\t\t<\/div>\n\t\t\t\t\t\t<\/div>\n\t\t\t\t<\/div>\n\t\t\t\t\t<\/div>\n\t\t\t\t<\/div>\n\t\t\t\t<\/div>\n\t\t","protected":false},"excerpt":{"rendered":"<p>DEVENEZ ENTERT(R)AINER.IN MAIS SOIS BIEN PLUS QUE CELA. En tant que coach, tu es un mod\u00e8le, un conseiller et une personne de confiance. Car gr\u00e2ce \u00e0 ton travail, tu permets [&hellip;]<\/p>\n","protected":false},"author":2,"featured_media":0,"parent":0,"menu_order":0,"comment_status":"closed","ping_status":"closed","template":"","meta":{"_acf_changed":false,"_seopress_robots_primary_cat":"","_seopress_titles_title":"Emplois dans la salle de sport la plus cool \/ Carri\u00e8re dans la salle de sport clever fit","_seopress_titles_desc":"Tous les emplois chez clever fit Suisse : d\u00e9croche ton emploi et donne un nouvel \u00e9lan \u00e0 ta carri\u00e8re dans le domaine du fitness ! Plus de 20 salles de sport haut de gamme t'attendent \u2013 postule d\u00e8s maintenant !","_seopress_robots_index":"","footnotes":""},"class_list":["post-319920","page","type-page","status-publish","hentry"],"acf":[],"_links":{"self":[{"href":"https:\/\/www.clever-fit.com\/fr-CH\/wp-json\/wp\/v2\/pages\/319920","targetHints":{"allow":["GET"]}}],"collection":[{"href":"https:\/\/www.clever-fit.com\/fr-CH\/wp-json\/wp\/v2\/pages"}],"about":[{"href":"https:\/\/www.clever-fit.com\/fr-CH\/wp-json\/wp\/v2\/types\/page"}],"author":[{"embeddable":true,"href":"https:\/\/www.clever-fit.com\/fr-CH\/wp-json\/wp\/v2\/users\/2"}],"replies":[{"embeddable":true,"href":"https:\/\/www.clever-fit.com\/fr-CH\/wp-json\/wp\/v2\/comments?post=319920"}],"version-history":[{"count":8,"href":"https:\/\/www.clever-fit.com\/fr-CH\/wp-json\/wp\/v2\/pages\/319920\/revisions"}],"predecessor-version":[{"id":344086,"href":"https:\/\/www.clever-fit.com\/fr-CH\/wp-json\/wp\/v2\/pages\/319920\/revisions\/344086"}],"wp:attachment":[{"href":"https:\/\/www.clever-fit.com\/fr-CH\/wp-json\/wp\/v2\/media?parent=319920"}],"curies":[{"name":"wp","href":"https:\/\/api.w.org\/{rel}","templated":true}]}}