{"id":320035,"date":"2024-11-11T13:54:46","date_gmt":"2024-11-11T12:54:46","guid":{"rendered":"https:\/\/www.clever-fit.com\/soiree-decouverte-cours-de-fitness-collectifs\/"},"modified":"2026-04-01T11:36:46","modified_gmt":"2026-04-01T09:36:46","slug":"soiree-decouverte-cours-de-fitness-collectifs","status":"publish","type":"page","link":"https:\/\/www.clever-fit.com\/fr-CH\/soiree-decouverte-cours-de-fitness-collectifs\/","title":{"rendered":"Soir\u00e9e d\u00e9couverte Cours de fitness collectifs"},"content":{"rendered":"\t\t<div data-elementor-type=\"wp-page\" data-elementor-id=\"320035\" class=\"elementor elementor-320035 elementor-263418\" data-elementor-post-type=\"page\">\n\t\t\t\t<div data-particle_enable=\"false\" data-particle-mobile-disabled=\"false\" class=\"elementor-element elementor-element-1c428ab e-con-full e-flex e-con e-parent\" data-id=\"1c428ab\" data-element_type=\"container\" data-e-type=\"container\" data-settings=\"{&quot;background_background&quot;:&quot;classic&quot;}\">\n\t\t\t\t<div class=\"elementor-element elementor-element-8db4738 elementor-widget elementor-widget-spacer\" data-id=\"8db4738\" data-element_type=\"widget\" data-e-type=\"widget\" data-widget_type=\"spacer.default\">\n\t\t\t\t<div class=\"elementor-widget-container\">\n\t\t\t\t\t\t\t<div class=\"elementor-spacer\">\n\t\t\t<div class=\"elementor-spacer-inner\"><\/div>\n\t\t<\/div>\n\t\t\t\t\t\t<\/div>\n\t\t\t\t<\/div>\n\t\t<div data-particle_enable=\"false\" data-particle-mobile-disabled=\"false\" class=\"elementor-element elementor-element-189bcc1 e-flex e-con-boxed e-con e-child\" data-id=\"189bcc1\" data-element_type=\"container\" data-e-type=\"container\">\n\t\t\t\t\t<div class=\"e-con-inner\">\n\t\t\t\t<div class=\"elementor-element elementor-element-99892cd elementor-widget elementor-widget-heading\" data-id=\"99892cd\" data-element_type=\"widget\" data-e-type=\"widget\" data-widget_type=\"heading.default\">\n\t\t\t\t<div class=\"elementor-widget-container\">\n\t\t\t\t\t<p class=\"elementor-heading-title elementor-size-default\">Soir\u00e9e d\u00e9couverte \u2013 COURS COLLECTIFS<\/p>\t\t\t\t<\/div>\n\t\t\t\t<\/div>\n\t\t\t\t<div class=\"elementor-element elementor-element-c946dbf elementor-widget elementor-widget-text-editor\" data-id=\"c946dbf\" data-element_type=\"widget\" data-e-type=\"widget\" data-widget_type=\"text-editor.default\">\n\t\t\t\t<div class=\"elementor-widget-container\">\n\t\t\t\t\t\n<p>Une soir\u00e9e \u2013 plusieurs courtes s\u00e9ances d&#8217;initiation<\/p>\n\t\t\t\t<\/div>\n\t\t\t\t<\/div>\n\t\t\t\t\t<\/div>\n\t\t\t\t<\/div>\n\t\t\t\t<div class=\"elementor-element elementor-element-5b1b76d elementor-widget elementor-widget-spacer\" data-id=\"5b1b76d\" data-element_type=\"widget\" data-e-type=\"widget\" data-widget_type=\"spacer.default\">\n\t\t\t\t<div class=\"elementor-widget-container\">\n\t\t\t\t\t\t\t<div class=\"elementor-spacer\">\n\t\t\t<div class=\"elementor-spacer-inner\"><\/div>\n\t\t<\/div>\n\t\t\t\t\t\t<\/div>\n\t\t\t\t<\/div>\n\t\t\t\t<div class=\"elementor-element elementor-element-956f0ae elementor-widget elementor-widget-cle-button\" data-id=\"956f0ae\" data-element_type=\"widget\" data-e-type=\"widget\" data-widget_type=\"cle-button.default\">\n\t\t\t\t<div class=\"elementor-widget-container\">\n\t\t\t\t\t        <a href=\"#cours\"                class=\"cle-button primary  on-black\">\n            <div class=\"text\" >\n                Inscris-toi d\u00e8s maintenant !            <\/div>\n        <\/a>\n        \t\t\t\t<\/div>\n\t\t\t\t<\/div>\n\t\t\t\t<div class=\"elementor-element elementor-element-380bee8 elementor-widget elementor-widget-spacer\" data-id=\"380bee8\" data-element_type=\"widget\" data-e-type=\"widget\" data-widget_type=\"spacer.default\">\n\t\t\t\t<div class=\"elementor-widget-container\">\n\t\t\t\t\t\t\t<div class=\"elementor-spacer\">\n\t\t\t<div class=\"elementor-spacer-inner\"><\/div>\n\t\t<\/div>\n\t\t\t\t\t\t<\/div>\n\t\t\t\t<\/div>\n\t\t\t\t<\/div>\n\t\t<div data-particle_enable=\"false\" data-particle-mobile-disabled=\"false\" class=\"elementor-element elementor-element-50f2d14 e-con-full e-flex e-con e-parent\" data-id=\"50f2d14\" data-element_type=\"container\" data-e-type=\"container\" id=\"abo\" data-settings=\"{&quot;background_background&quot;:&quot;classic&quot;}\">\n\t\t<div data-particle_enable=\"false\" data-particle-mobile-disabled=\"false\" class=\"elementor-element elementor-element-4099d56 e-flex e-con-boxed e-con e-child\" data-id=\"4099d56\" data-element_type=\"container\" data-e-type=\"container\">\n\t\t\t\t\t<div class=\"e-con-inner\">\n\t\t\t\t<div class=\"elementor-element elementor-element-698aa9f elementor-widget elementor-widget-heading\" data-id=\"698aa9f\" data-element_type=\"widget\" data-e-type=\"widget\" data-widget_type=\"heading.default\">\n\t\t\t\t<div class=\"elementor-widget-container\">\n\t\t\t\t\t<h1 class=\"elementor-heading-title elementor-size-default\">Soir\u00e9e d\u00e9couverte<br>Cours de fitness collectifs<\/h1>\t\t\t\t<\/div>\n\t\t\t\t<\/div>\n\t\t\t\t<div class=\"elementor-element elementor-element-703188b elementor-widget elementor-widget-spacer\" data-id=\"703188b\" data-element_type=\"widget\" data-e-type=\"widget\" data-widget_type=\"spacer.default\">\n\t\t\t\t<div class=\"elementor-widget-container\">\n\t\t\t\t\t\t\t<div class=\"elementor-spacer\">\n\t\t\t<div class=\"elementor-spacer-inner\"><\/div>\n\t\t<\/div>\n\t\t\t\t\t\t<\/div>\n\t\t\t\t<\/div>\n\t\t\t\t<div class=\"elementor-element elementor-element-6f55b6c elementor-widget elementor-widget-text-editor\" data-id=\"6f55b6c\" data-element_type=\"widget\" data-e-type=\"widget\" data-widget_type=\"text-editor.default\">\n\t\t\t\t<div class=\"elementor-widget-container\">\n\t\t\t\t\t\n<p>Saisis ta chance et participe \u00e0 notre <strong>soir\u00e9e d\u00e9couverte exclusive de Group Fitness (r\u00e9serv\u00e9e aux membres clever fit)!<\/strong><\/p>\n<p><strong>Quatre fois par ann\u00e9e,<\/strong> nous faisons br\u00fbler nos muscles lors de cette soir\u00e9e d\u00e9couverte ! Une soir\u00e9e pleine d\u2019\u00e9nergie, de sueur et de bonnes vibes t\u2019attend ! <strong>D\u00e9couvre le monde des cours collectifs avec des courtes s\u00e9ances d\u2019 inititation dynamiques.<\/strong> Que tu sois d\u00e9butant(e) ou expert(e), il y en a pour tous les go\u00fbts ! Les diff\u00e9rentes sessions d\u00e9couverte te donneront un aper\u00e7u complet de notre large offre de cours. Tu trouveras ici le programme d\u00e9taill\u00e9 des cours par <a href=\"https:\/\/www.clever-fit.com\/fr-CH\/soiree-decouverte-cours-de-fitness-collectifs\/#kursprogramm\">centre<\/a>.<\/p>\n\t\t\t\t<\/div>\n\t\t\t\t<\/div>\n\t\t\t\t<div class=\"elementor-element elementor-element-ecbcf22 elementor-widget elementor-widget-text-editor\" data-id=\"ecbcf22\" data-element_type=\"widget\" data-e-type=\"widget\" data-widget_type=\"text-editor.default\">\n\t\t\t\t<div class=\"elementor-widget-container\">\n\t\t\t\t\t\n<p><strong>Prochaines dates:<\/strong><\/p>\n<ul>\n<li>Lundi, 27.04.2026<\/li>\n<li>Lundi, 29.06.2026<\/li>\n<li>Lundi, 19.10.2026<\/li>\n<\/ul>\n\t\t\t\t<\/div>\n\t\t\t\t<\/div>\n\t\t\t\t<div class=\"elementor-element elementor-element-7c93cd0 elementor-widget elementor-widget-text-editor\" data-id=\"7c93cd0\" data-element_type=\"widget\" data-e-type=\"widget\" data-widget_type=\"text-editor.default\">\n\t\t\t\t<div class=\"elementor-widget-container\">\n\t\t\t\t\t\n<p><strong>Ce qui t\u2019attend :<\/strong><\/p>\n<ul>\n<li>des entra\u00eenements courts et intensifs<\/li>\n<li>un programme vari\u00e9 de cours \u00e0 d\u00e9couvrir<\/li>\n<li>une super ambiance et un groupe motivant<\/li>\n<\/ul>\n\t\t\t\t<\/div>\n\t\t\t\t<\/div>\n\t\t\t\t<div class=\"elementor-element elementor-element-3ebd8a7 elementor-widget elementor-widget-text-editor\" data-id=\"3ebd8a7\" data-element_type=\"widget\" data-e-type=\"widget\" data-widget_type=\"text-editor.default\">\n\t\t\t\t<div class=\"elementor-widget-container\">\n\t\t\t\t\t\n<p>Cette offre s\u2019adresse aussi \u00e0 vous, les adeptes de musculation ! Venez d\u00e9couvrir comment les cours collectifs peuvent faire passer vos gains \u00e0 un niveau sup\u00e9rieur ! <strong>Ready to crush it ?<\/strong> Alors inscris-toi maintenant ! Les places sont limit\u00e9es.<\/p>\n\t\t\t\t<\/div>\n\t\t\t\t<\/div>\n\t\t\t\t<div class=\"elementor-element elementor-element-36bb6a4 elementor-widget elementor-widget-spacer\" data-id=\"36bb6a4\" data-element_type=\"widget\" data-e-type=\"widget\" data-widget_type=\"spacer.default\">\n\t\t\t\t<div class=\"elementor-widget-container\">\n\t\t\t\t\t\t\t<div class=\"elementor-spacer\">\n\t\t\t<div class=\"elementor-spacer-inner\"><\/div>\n\t\t<\/div>\n\t\t\t\t\t\t<\/div>\n\t\t\t\t<\/div>\n\t\t\t\t<div class=\"elementor-element elementor-element-0d2ad2f elementor-button-secondary elementor-widget elementor-widget-button\" data-id=\"0d2ad2f\" data-element_type=\"widget\" data-e-type=\"widget\" data-widget_type=\"button.default\">\n\t\t\t\t<div class=\"elementor-widget-container\">\n\t\t\t\t\t\t\t\t\t<div class=\"elementor-button-wrapper\">\n\t\t\t\t\t<a class=\"elementor-button elementor-button-link elementor-size-sm\" href=\"http:\/\/cours\">\n\t\t\t\t\t\t<span class=\"elementor-button-content-wrapper\">\n\t\t\t\t\t\t\t\t\t<span class=\"elementor-button-text\">Inscris-toi d\u00e8s maintenant !<\/span>\n\t\t\t\t\t<\/span>\n\t\t\t\t\t<\/a>\n\t\t\t\t<\/div>\n\t\t\t\t\t\t\t\t<\/div>\n\t\t\t\t<\/div>\n\t\t\t\t\t<\/div>\n\t\t\t\t<\/div>\n\t\t\t\t<\/div>\n\t\t<div data-particle_enable=\"false\" data-particle-mobile-disabled=\"false\" class=\"elementor-element elementor-element-79ced3c e-con-full e-flex e-con e-parent\" data-id=\"79ced3c\" data-element_type=\"container\" data-e-type=\"container\" id=\"cours\" data-settings=\"{&quot;background_background&quot;:&quot;classic&quot;}\">\n\t\t\t\t<div class=\"elementor-element elementor-element-d5ac655 elementor-widget elementor-widget-spacer\" data-id=\"d5ac655\" data-element_type=\"widget\" data-e-type=\"widget\" id=\"kursprogramm\" data-widget_type=\"spacer.default\">\n\t\t\t\t<div class=\"elementor-widget-container\">\n\t\t\t\t\t\t\t<div class=\"elementor-spacer\">\n\t\t\t<div class=\"elementor-spacer-inner\"><\/div>\n\t\t<\/div>\n\t\t\t\t\t\t<\/div>\n\t\t\t\t<\/div>\n\t\t<div data-particle_enable=\"false\" data-particle-mobile-disabled=\"false\" class=\"elementor-element elementor-element-78ff336 e-flex e-con-boxed e-con e-child\" data-id=\"78ff336\" data-element_type=\"container\" data-e-type=\"container\">\n\t\t\t\t\t<div class=\"e-con-inner\">\n\t\t\t\t<div class=\"elementor-element elementor-element-7f0bd92 elementor-widget elementor-widget-heading\" data-id=\"7f0bd92\" data-element_type=\"widget\" data-e-type=\"widget\" data-widget_type=\"heading.default\">\n\t\t\t\t<div class=\"elementor-widget-container\">\n\t\t\t\t\t<h3 class=\"elementor-heading-title elementor-size-default\">D\u00e9couvre le programme des cours<\/h3>\t\t\t\t<\/div>\n\t\t\t\t<\/div>\n\t\t\t\t<div class=\"elementor-element elementor-element-20ccf67 elementor-widget elementor-widget-text-editor\" data-id=\"20ccf67\" data-element_type=\"widget\" data-e-type=\"widget\" data-widget_type=\"text-editor.default\">\n\t\t\t\t<div class=\"elementor-widget-container\">\n\t\t\t\t\t\n<p>Choisis ton centre et inscris-toi \u00e0 tes cours pr\u00e9f\u00e9r\u00e9s.<\/p>\n\t\t\t\t<\/div>\n\t\t\t\t<\/div>\n\t\t\t\t<div class=\"elementor-element elementor-element-01a32cb elementor-widget elementor-widget-spacer\" data-id=\"01a32cb\" data-element_type=\"widget\" data-e-type=\"widget\" data-widget_type=\"spacer.default\">\n\t\t\t\t<div class=\"elementor-widget-container\">\n\t\t\t\t\t\t\t<div class=\"elementor-spacer\">\n\t\t\t<div class=\"elementor-spacer-inner\"><\/div>\n\t\t<\/div>\n\t\t\t\t\t\t<\/div>\n\t\t\t\t<\/div>\n\t\t<div data-particle_enable=\"false\" data-particle-mobile-disabled=\"false\" class=\"elementor-element elementor-element-e44fc3f e-con-full elementor-hidden-tablet elementor-hidden-mobile e-flex e-con e-child\" data-id=\"e44fc3f\" data-element_type=\"container\" data-e-type=\"container\">\n\t\t<div data-particle_enable=\"false\" data-particle-mobile-disabled=\"false\" class=\"elementor-element elementor-element-dc95fc9 e-con-full e-flex e-con e-child\" data-id=\"dc95fc9\" data-element_type=\"container\" data-e-type=\"container\">\n\t\t\t\t<div class=\"elementor-element elementor-element-e846c36 elementor-widget elementor-widget-text-editor\" data-id=\"e846c36\" data-element_type=\"widget\" data-e-type=\"widget\" data-widget_type=\"text-editor.default\">\n\t\t\t\t<div class=\"elementor-widget-container\">\n\t\t\t\t\t\n<p><a style=\"color: white;\" href=\"https:\/\/aarau.shop.clever-fit.ch\/courses\/category\/?lang=fr\" target=\"_blank\" rel=\"noopener\">Aarau<\/a><\/p>\n<p><a style=\"color: white;\" href=\"https:\/\/bachenbuelach.shop.clever-fit.ch\/courses\/category\/?lang=fr\" target=\"_blank\" rel=\"noopener\">Bachenb\u00fclach<\/a><\/p>\n<p><a style=\"color: white;\" href=\"https:\/\/basel.shop.clever-fit.ch\/courses\/category\/?lang=fr\" target=\"_blank\" rel=\"noopener\">B\u00e2le<\/a><\/p>\n<p><a style=\"color: white;\" href=\"https:\/\/bern.shop.clever-fit.ch\/courses\/category\/?lang=fr\" target=\"_blank\" rel=\"noopener\">Berne-Muri<\/a><\/p>\n<p><a style=\"color: white;\" href=\"https:\/\/chur.shop.clever-fit.ch\/courses\/category\/?lang=fr\" target=\"_blank\" rel=\"noopener\">Coire<\/a><\/p>\n<p><a style=\"color: white;\" href=\"https:\/\/dietlikon.shop.clever-fit.ch\/courses\/category\/?lang=fr\" target=\"_blank\" rel=\"noopener\">Dietlikon<\/a><\/p>\n\t\t\t\t<\/div>\n\t\t\t\t<\/div>\n\t\t\t\t<\/div>\n\t\t<div data-particle_enable=\"false\" data-particle-mobile-disabled=\"false\" class=\"elementor-element elementor-element-a955fe5 e-con-full e-flex e-con e-child\" data-id=\"a955fe5\" data-element_type=\"container\" data-e-type=\"container\">\n\t\t\t\t<div class=\"elementor-element elementor-element-87616c7 elementor-widget elementor-widget-text-editor\" data-id=\"87616c7\" data-element_type=\"widget\" data-e-type=\"widget\" data-widget_type=\"text-editor.default\">\n\t\t\t\t<div class=\"elementor-widget-container\">\n\t\t\t\t\t\n<p><a style=\"color: white;\" href=\"https:\/\/emmenbruecke.shop.clever-fit.ch\/courses\/category\/?lang=fr\" target=\"_blank\" rel=\"noopener\">Emmenbr\u00fccke<\/a><\/p>\n<p><a style=\"color: white;\" href=\"https:\/\/frauenfeld.shop.clever-fit.ch\/courses\/category\/?lang=fr\" target=\"_blank\" rel=\"noopener\">Frauenfeld<\/a><\/p>\n<p><a style=\"color: white;\" href=\"https:\/\/fribourg.shop.clever-fit.ch\/courses\/category\/?lang=fr\" target=\"_blank\" rel=\"noopener\">Fribourg<\/a><\/p>\n<p><a style=\"color: white;\" href=\"https:\/\/goldach.shop.clever-fit.ch\/courses\/category\/?lang=fr\" target=\"_blank\" rel=\"noopener\">Goldach<\/a><\/p>\n<p><a style=\"color: white;\" href=\"https:\/\/kreuzlingen.shop.clever-fit.ch\/courses\/category\/?lang=fr\" target=\"_blank\" rel=\"noopener\">Kreuzlingen <\/a><\/p>\n<p><a style=\"color: white;\" href=\"https:\/\/opfikon.shop.clever-fit.ch\/courses\/category\/?lang=fr\" target=\"_blank\" rel=\"noopener\">Opfikon<\/a><\/p>\n\t\t\t\t<\/div>\n\t\t\t\t<\/div>\n\t\t\t\t<\/div>\n\t\t<div data-particle_enable=\"false\" data-particle-mobile-disabled=\"false\" class=\"elementor-element elementor-element-5ea2dbf e-con-full e-flex e-con e-child\" data-id=\"5ea2dbf\" data-element_type=\"container\" data-e-type=\"container\">\n\t\t\t\t<div class=\"elementor-element elementor-element-af921fd elementor-widget elementor-widget-text-editor\" data-id=\"af921fd\" data-element_type=\"widget\" data-e-type=\"widget\" data-widget_type=\"text-editor.default\">\n\t\t\t\t<div class=\"elementor-widget-container\">\n\t\t\t\t\t\n<p><a style=\"color: white;\" href=\"https:\/\/pfaeffikon.shop.clever-fit.ch\/courses\/category\/?lang=fr\" target=\"_blank\" rel=\"noopener\">Pf\u00e4ffikon SZ<\/a><\/p>\n<p><a style=\"color: white;\" href=\"https:\/\/regensdorf.shop.clever-fit.ch\/courses\/category\/?lang=fr\" target=\"_blank\" rel=\"noopener\">Regensdorf<\/a><\/p>\n<p><a style=\"color: white;\" href=\"https:\/\/ruemlang.shop.clever-fit.ch\/courses\/category\/?lang=fr\" target=\"_blank\" rel=\"noopener\">R\u00fcmlang<\/a><\/p>\n<p><a style=\"color: white;\" href=\"https:\/\/schaffhausen.shop.clever-fit.ch\/courses\/category\/?lang=fr\" target=\"_blank\" rel=\"noopener\">Schaffhouse<\/a><\/p>\n<p><a style=\"color: white;\" href=\"https:\/\/schlieren.shop.clever-fit.ch\/courses\/category\/?lang=fr\" target=\"_blank\" rel=\"noopener\">Schlieren<\/a><\/p>\n<p><a style=\"color: white;\" href=\"https:\/\/stgallen.shop.clever-fit.ch\/courses\/category\/?lang=fr\" target=\"_blank\" rel=\"noopener\">Saint-Gall<\/a><\/p>\n\t\t\t\t<\/div>\n\t\t\t\t<\/div>\n\t\t\t\t<\/div>\n\t\t<div data-particle_enable=\"false\" data-particle-mobile-disabled=\"false\" class=\"elementor-element elementor-element-af8e1d7 e-con-full e-flex e-con e-child\" data-id=\"af8e1d7\" data-element_type=\"container\" data-e-type=\"container\">\n\t\t\t\t<div class=\"elementor-element elementor-element-a0046d4 elementor-widget elementor-widget-text-editor\" data-id=\"a0046d4\" data-element_type=\"widget\" data-e-type=\"widget\" data-widget_type=\"text-editor.default\">\n\t\t\t\t<div class=\"elementor-widget-container\">\n\t\t\t\t\t<p>\t\t\t\t<a style=\"color: white;\" href=\"https:\/\/steinhausen.shop.clever-fit.ch\/courses\/category\/?lang=fr\" target=\"_blank\" rel=\"noopener\">Steinhausen<\/a><\/p>\n<p><a style=\"color: white;\" href=\"https:\/\/volketswil.shop.clever-fit.ch\/courses\/category\/?lang=fr\" target=\"_blank\" rel=\"noopener\">Volketswil<\/a><\/p>\n<p><a style=\"color: white;\" href=\"https:\/\/winterthur.shop.clever-fit.ch\/courses\/category\/?lang=fr\" target=\"_blank\" rel=\"noopener\">Winterthour<\/a><\/p>\n<p><a style=\"color: white;\" href=\"https:\/\/zuchwil.shop.clever-fit.ch\/courses\/category\/?lang=fr\" target=\"_blank\" rel=\"noopener\">Zuchwil<\/a>\t\t\t\t<\/p>\n\t\t\t\t<\/div>\n\t\t\t\t<\/div>\n\t\t\t\t<\/div>\n\t\t\t\t<\/div>\n\t\t<div data-particle_enable=\"false\" data-particle-mobile-disabled=\"false\" class=\"elementor-element elementor-element-ab2a1be e-con-full elementor-hidden-widescreen elementor-hidden-desktop elementor-hidden-laptop e-flex e-con e-child\" data-id=\"ab2a1be\" data-element_type=\"container\" data-e-type=\"container\">\n\t\t<div data-particle_enable=\"false\" data-particle-mobile-disabled=\"false\" class=\"elementor-element elementor-element-3c86fae e-con-full e-flex e-con e-child\" data-id=\"3c86fae\" data-element_type=\"container\" data-e-type=\"container\">\n\t\t\t\t<div class=\"elementor-element elementor-element-a3a7a34 elementor-widget elementor-widget-text-editor\" data-id=\"a3a7a34\" data-element_type=\"widget\" data-e-type=\"widget\" data-widget_type=\"text-editor.default\">\n\t\t\t\t<div class=\"elementor-widget-container\">\n\t\t\t\t\t\n<p><a style=\"color: white;\" href=\"https:\/\/aarau.shop.clever-fit.ch\/courses\/category\/\" target=\"_blank\" rel=\"noopener\">Aarau<\/a><\/p>\n<p><a style=\"color: white;\" href=\"https:\/\/bachenbuelach.shop.clever-fit.ch\/courses\/category\/?lang=fr\" target=\"_blank\" rel=\"noopener\">Bachenb\u00fclach<\/a><\/p>\n<p><a style=\"color: white;\" href=\"https:\/\/basel.shop.clever-fit.ch\/courses\/category\/\" target=\"_blank\" rel=\"noopener\">B\u00e2le<\/a><\/p>\n<p><a style=\"color: white;\" href=\"https:\/\/bern.shop.clever-fit.ch\/courses\/category\/\" target=\"_blank\" rel=\"noopener\">Berne-Muri<\/a><\/p>\n<p><a style=\"color: white;\" href=\"https:\/\/chur.shop.clever-fit.ch\/courses\/category\/\" target=\"_blank\" rel=\"noopener\">Coire<\/a><\/p>\n<p><a style=\"color: white;\" href=\"https:\/\/dietlikon.shop.clever-fit.ch\/courses\/category\/\" target=\"_blank\" rel=\"noopener\">Dietlikon<\/a><\/p>\n<p><a style=\"color: white;\" href=\"https:\/\/emmenbruecke.shop.clever-fit.ch\/courses\/category\/\" target=\"_blank\" rel=\"noopener\">Emmenbr\u00fccke<\/a><\/p>\n<p><a style=\"color: white;\" href=\"https:\/\/frauenfeld.shop.clever-fit.ch\/courses\/category\/\" target=\"_blank\" rel=\"noopener\">Frauenfeld<\/a><\/p>\n<p><a style=\"color: white;\" href=\"https:\/\/fribourg.shop.clever-fit.ch\/courses\/category\/\" target=\"_blank\" rel=\"noopener\">Fribourg<\/a><\/p>\n<p><a style=\"color: white;\" href=\"https:\/\/goldach.shop.clever-fit.ch\/courses\/category\/\" target=\"_blank\" rel=\"noopener\">Goldach<\/a><\/p>\n<p><a style=\"color: white;\" href=\"https:\/\/kreuzlingen.shop.clever-fit.ch\/courses\/category\/\" target=\"_blank\" rel=\"noopener\">Kreuzlingen <\/a><\/p>\n\t\t\t\t<\/div>\n\t\t\t\t<\/div>\n\t\t\t\t<\/div>\n\t\t<div data-particle_enable=\"false\" data-particle-mobile-disabled=\"false\" class=\"elementor-element elementor-element-5dc4124 e-con-full e-flex e-con e-child\" data-id=\"5dc4124\" data-element_type=\"container\" data-e-type=\"container\">\n\t\t\t\t<div class=\"elementor-element elementor-element-2bbe793 elementor-widget elementor-widget-text-editor\" data-id=\"2bbe793\" data-element_type=\"widget\" data-e-type=\"widget\" data-widget_type=\"text-editor.default\">\n\t\t\t\t<div class=\"elementor-widget-container\">\n\t\t\t\t\t\n<p><a style=\"color: white;\" href=\"https:\/\/opfikon.shop.clever-fit.ch\/courses\/category\/\" target=\"_blank\" rel=\"noopener\">Opfikon<\/a><\/p>\n<p><a style=\"color: white;\" href=\"https:\/\/pfaeffikon.shop.clever-fit.ch\/courses\/category\/\" target=\"_blank\" rel=\"noopener\">Pf\u00e4ffikon SZ<\/a><\/p>\n<p><a style=\"color: white;\" href=\"https:\/\/regensdorf.shop.clever-fit.ch\/courses\/category\/\" target=\"_blank\" rel=\"noopener\">Regensdorf<\/a><\/p>\n<p><a style=\"color: white;\" href=\"https:\/\/ruemlang.shop.clever-fit.ch\/courses\/category\/\" target=\"_blank\" rel=\"noopener\">R\u00fcmlang<\/a><\/p>\n<p><a style=\"color: white;\" href=\"https:\/\/schaffhausen.shop.clever-fit.ch\/courses\/category\/\" target=\"_blank\" rel=\"noopener\">Schaffhouse<\/a><\/p>\n<p><a style=\"color: white;\" href=\"https:\/\/schlieren.shop.clever-fit.ch\/courses\/category\/\" target=\"_blank\" rel=\"noopener\">Schlieren<\/a><\/p>\n<p><a style=\"color: white;\" href=\"https:\/\/stgallen.shop.clever-fit.ch\/courses\/category\/\" target=\"_blank\" rel=\"noopener\">Saint-Gall<\/a><\/p>\n<p><a style=\"color: white;\" href=\"https:\/\/steinhausen.shop.clever-fit.ch\/courses\/category\/\" target=\"_blank\" rel=\"noopener\">Steinhausen<\/a><\/p>\n<p><a style=\"color: white;\" href=\"https:\/\/volketswil.shop.clever-fit.ch\/courses\/category\/\" target=\"_blank\" rel=\"noopener\">Volketswil<\/a><\/p>\n<p><a style=\"color: white;\" href=\"https:\/\/winterthur.shop.clever-fit.ch\/courses\/category\/\" target=\"_blank\" rel=\"noopener\">Winterthour<\/a><\/p>\n<p><a style=\"color: white;\" href=\"https:\/\/zuchwil.shop.clever-fit.ch\/courses\/category\/\" target=\"_blank\" rel=\"noopener\">Zuchwil<\/a><\/p>\n\t\t\t\t<\/div>\n\t\t\t\t<\/div>\n\t\t\t\t<\/div>\n\t\t\t\t<\/div>\n\t\t\t\t\t<\/div>\n\t\t\t\t<\/div>\n\t\t\t\t<div class=\"elementor-element elementor-element-90d879c elementor-widget elementor-widget-spacer\" data-id=\"90d879c\" data-element_type=\"widget\" data-e-type=\"widget\" data-widget_type=\"spacer.default\">\n\t\t\t\t<div class=\"elementor-widget-container\">\n\t\t\t\t\t\t\t<div class=\"elementor-spacer\">\n\t\t\t<div class=\"elementor-spacer-inner\"><\/div>\n\t\t<\/div>\n\t\t\t\t\t\t<\/div>\n\t\t\t\t<\/div>\n\t\t\t\t<\/div>\n\t\t\t\t<\/div>\n\t\t","protected":false},"excerpt":{"rendered":"<p>Soir\u00e9e d\u00e9couverte \u2013 COURS COLLECTIFS Une soir\u00e9e \u2013 plusieurs courtes s\u00e9ances d&#8217;initiation Inscris-toi d\u00e8s maintenant ! Soir\u00e9e d\u00e9couverteCours de fitness collectifs Saisis ta chance et participe \u00e0 notre soir\u00e9e d\u00e9couverte [&hellip;]<\/p>\n","protected":false},"author":681,"featured_media":0,"parent":0,"menu_order":0,"comment_status":"closed","ping_status":"closed","template":"","meta":{"_acf_changed":false,"_seopress_robots_primary_cat":"","_seopress_titles_title":"Soir\u00e9e d\u00e9couverte exclusive Cours de fitness collectifs","_seopress_titles_desc":"Lors de diff\u00e9rentes sessions d\u00e9couverte, tu plongeras dans le monde des cours de fitness collectifs et d\u00e9couvriras notre offre de cours. Sueur et ambiance motivante incluses!","_seopress_robots_index":"","footnotes":""},"class_list":["post-320035","page","type-page","status-publish","hentry"],"acf":[],"_links":{"self":[{"href":"https:\/\/www.clever-fit.com\/fr-CH\/wp-json\/wp\/v2\/pages\/320035","targetHints":{"allow":["GET"]}}],"collection":[{"href":"https:\/\/www.clever-fit.com\/fr-CH\/wp-json\/wp\/v2\/pages"}],"about":[{"href":"https:\/\/www.clever-fit.com\/fr-CH\/wp-json\/wp\/v2\/types\/page"}],"author":[{"embeddable":true,"href":"https:\/\/www.clever-fit.com\/fr-CH\/wp-json\/wp\/v2\/users\/681"}],"replies":[{"embeddable":true,"href":"https:\/\/www.clever-fit.com\/fr-CH\/wp-json\/wp\/v2\/comments?post=320035"}],"version-history":[{"count":8,"href":"https:\/\/www.clever-fit.com\/fr-CH\/wp-json\/wp\/v2\/pages\/320035\/revisions"}],"predecessor-version":[{"id":358597,"href":"https:\/\/www.clever-fit.com\/fr-CH\/wp-json\/wp\/v2\/pages\/320035\/revisions\/358597"}],"wp:attachment":[{"href":"https:\/\/www.clever-fit.com\/fr-CH\/wp-json\/wp\/v2\/media?parent=320035"}],"curies":[{"name":"wp","href":"https:\/\/api.w.org\/{rel}","templated":true}]}}