{"id":110746,"date":"2023-01-22T15:23:37","date_gmt":"2023-01-22T14:23:37","guid":{"rendered":"https:\/\/www.clever-fit.com\/kontakt\/"},"modified":"2024-01-23T17:48:01","modified_gmt":"2024-01-23T16:48:01","slug":"kontakt","status":"publish","type":"page","link":"https:\/\/www.clever-fit.com\/hr\/kontakt\/","title":{"rendered":"Kontakt"},"content":{"rendered":"\t\t<div data-elementor-type=\"wp-page\" data-elementor-id=\"110746\" class=\"elementor elementor-110746 elementor-88838\" data-elementor-post-type=\"page\">\n\t\t\t\t<div data-particle_enable=\"false\" data-particle-mobile-disabled=\"false\" class=\"elementor-element elementor-element-b8d9767 e-con-full e-flex e-con e-parent\" data-id=\"b8d9767\" data-element_type=\"container\" data-e-type=\"container\" data-settings=\"{&quot;background_background&quot;:&quot;classic&quot;}\">\n\t\t\t\t<div class=\"elementor-element elementor-element-381f973f elementor-widget elementor-widget-spacer\" data-id=\"381f973f\" data-element_type=\"widget\" data-e-type=\"widget\" data-widget_type=\"spacer.default\">\n\t\t\t\t<div class=\"elementor-widget-container\">\n\t\t\t\t\t\t\t<div class=\"elementor-spacer\">\n\t\t\t<div class=\"elementor-spacer-inner\"><\/div>\n\t\t<\/div>\n\t\t\t\t\t\t<\/div>\n\t\t\t\t<\/div>\n\t\t<div data-particle_enable=\"false\" data-particle-mobile-disabled=\"false\" class=\"elementor-element elementor-element-248077b1 e-flex e-con-boxed e-con e-child\" data-id=\"248077b1\" data-element_type=\"container\" data-e-type=\"container\">\n\t\t\t\t\t<div class=\"e-con-inner\">\n\t\t\t\t\t<\/div>\n\t\t\t\t<\/div>\n\t\t<div data-particle_enable=\"false\" data-particle-mobile-disabled=\"false\" class=\"elementor-element elementor-element-75e175c4 e-flex e-con-boxed e-con e-child\" data-id=\"75e175c4\" data-element_type=\"container\" data-e-type=\"container\">\n\t\t\t\t\t<div class=\"e-con-inner\">\n\t\t<div data-particle_enable=\"false\" data-particle-mobile-disabled=\"false\" class=\"elementor-element elementor-element-54370771 e-con-full e-flex e-con e-child\" data-id=\"54370771\" data-element_type=\"container\" data-e-type=\"container\">\n\t\t\t\t<div class=\"elementor-element elementor-element-3cd2d5e8 elementor-widget elementor-widget-text-editor\" data-id=\"3cd2d5e8\" data-element_type=\"widget\" data-e-type=\"widget\" data-widget_type=\"text-editor.default\">\n\t\t\t\t<div class=\"elementor-widget-container\">\n\t\t\t\t\t\n<p>Po\u0161aljite nam svoja pitanja, prijedloge i \u017eelje na sljede\u0107i telefonski broj i e-mail adresu.<\/p>\n<h4 class=\"x_MsoNormal\">Clever fit Zagreb Miramarska<\/h4>\n<ul type=\"disc\">\n<li class=\"x_MsoListParagraph\"><strong>E-mail:<\/strong> manager@zg-miramarska.clever-fit.com<\/li>\n<\/ul>\n\t\t\t\t<\/div>\n\t\t\t\t<\/div>\n\t\t\t\t<\/div>\n\t\t<div data-particle_enable=\"false\" data-particle-mobile-disabled=\"false\" class=\"elementor-element elementor-element-8ef1df9 e-con-full e-flex e-con e-child\" data-id=\"8ef1df9\" data-element_type=\"container\" data-e-type=\"container\">\n\t\t\t\t<div class=\"elementor-element elementor-element-2a2116c5 elementor-widget elementor-widget-image\" data-id=\"2a2116c5\" data-element_type=\"widget\" data-e-type=\"widget\" data-widget_type=\"image.default\">\n\t\t\t\t<div class=\"elementor-widget-container\">\n\t\t\t\t\t\t\t\t\t\t\t\t\t\t\t<img loading=\"lazy\" decoding=\"async\" width=\"800\" height=\"534\" src=\"https:\/\/www.clever-fit.com\/app\/uploads\/2022\/11\/LiparDesignPhotography-02939-2.jpg\" class=\"attachment-large size-large wp-image-106050\" alt=\"\" srcset=\"https:\/\/www.clever-fit.com\/app\/uploads\/2022\/11\/LiparDesignPhotography-02939-2.jpg 1024w, https:\/\/www.clever-fit.com\/app\/uploads\/2022\/11\/LiparDesignPhotography-02939-2-300x200.jpg 300w, https:\/\/www.clever-fit.com\/app\/uploads\/2022\/11\/LiparDesignPhotography-02939-2-768x512.jpg 768w\" sizes=\"auto, (max-width: 800px) 100vw, 800px\" \/>\t\t\t\t\t\t\t\t\t\t\t\t\t\t\t<\/div>\n\t\t\t\t<\/div>\n\t\t\t\t<\/div>\n\t\t\t\t\t<\/div>\n\t\t\t\t<\/div>\n\t\t\t\t<div class=\"elementor-element elementor-element-4bae2446 elementor-widget elementor-widget-spacer\" data-id=\"4bae2446\" data-element_type=\"widget\" data-e-type=\"widget\" data-widget_type=\"spacer.default\">\n\t\t\t\t<div class=\"elementor-widget-container\">\n\t\t\t\t\t\t\t<div class=\"elementor-spacer\">\n\t\t\t<div class=\"elementor-spacer-inner\"><\/div>\n\t\t<\/div>\n\t\t\t\t\t\t<\/div>\n\t\t\t\t<\/div>\n\t\t\t\t<\/div>\n\t\t<div data-particle_enable=\"false\" data-particle-mobile-disabled=\"false\" class=\"elementor-element elementor-element-506cc6e e-flex e-con-boxed e-con e-parent\" data-id=\"506cc6e\" data-element_type=\"container\" data-e-type=\"container\">\n\t\t\t\t\t<div class=\"e-con-inner\">\n\t\t\t\t<div class=\"elementor-element elementor-element-f3ea474 elementor-widget elementor-widget-spacer\" data-id=\"f3ea474\" data-element_type=\"widget\" data-e-type=\"widget\" data-widget_type=\"spacer.default\">\n\t\t\t\t<div class=\"elementor-widget-container\">\n\t\t\t\t\t\t\t<div class=\"elementor-spacer\">\n\t\t\t<div class=\"elementor-spacer-inner\"><\/div>\n\t\t<\/div>\n\t\t\t\t\t\t<\/div>\n\t\t\t\t<\/div>\n\t\t\t\t<div class=\"elementor-element elementor-element-2b63f0a elementor-widget elementor-widget-spacer\" data-id=\"2b63f0a\" data-element_type=\"widget\" data-e-type=\"widget\" data-widget_type=\"spacer.default\">\n\t\t\t\t<div class=\"elementor-widget-container\">\n\t\t\t\t\t\t\t<div class=\"elementor-spacer\">\n\t\t\t<div class=\"elementor-spacer-inner\"><\/div>\n\t\t<\/div>\n\t\t\t\t\t\t<\/div>\n\t\t\t\t<\/div>\n\t\t\t\t\t<\/div>\n\t\t\t\t<\/div>\n\t\t\t\t<\/div>\n\t\t","protected":false},"excerpt":{"rendered":"<p>Po\u0161aljite nam svoja pitanja, prijedloge i \u017eelje na sljede\u0107i telefonski broj i e-mail adresu. Clever fit Zagreb Miramarska E-mail: manager@zg-miramarska.clever-fit.com<\/p>\n","protected":false},"author":538,"featured_media":0,"parent":0,"menu_order":0,"comment_status":"closed","ping_status":"closed","template":"","meta":{"_acf_changed":false,"_seopress_robots_primary_cat":"","_seopress_titles_title":"Kontakt - clever fit Hrvatska","_seopress_titles_desc":"Po\u0161alji svoje pitanje. Uvijek na raspolaganju za tvoja pitanja.","_seopress_robots_index":"","footnotes":""},"class_list":["post-110746","page","type-page","status-publish","hentry"],"acf":[],"_links":{"self":[{"href":"https:\/\/www.clever-fit.com\/hr\/wp-json\/wp\/v2\/pages\/110746","targetHints":{"allow":["GET"]}}],"collection":[{"href":"https:\/\/www.clever-fit.com\/hr\/wp-json\/wp\/v2\/pages"}],"about":[{"href":"https:\/\/www.clever-fit.com\/hr\/wp-json\/wp\/v2\/types\/page"}],"author":[{"embeddable":true,"href":"https:\/\/www.clever-fit.com\/hr\/wp-json\/wp\/v2\/users\/538"}],"replies":[{"embeddable":true,"href":"https:\/\/www.clever-fit.com\/hr\/wp-json\/wp\/v2\/comments?post=110746"}],"version-history":[{"count":28,"href":"https:\/\/www.clever-fit.com\/hr\/wp-json\/wp\/v2\/pages\/110746\/revisions"}],"predecessor-version":[{"id":203445,"href":"https:\/\/www.clever-fit.com\/hr\/wp-json\/wp\/v2\/pages\/110746\/revisions\/203445"}],"wp:attachment":[{"href":"https:\/\/www.clever-fit.com\/hr\/wp-json\/wp\/v2\/media?parent=110746"}],"curies":[{"name":"wp","href":"https:\/\/api.w.org\/{rel}","templated":true}]}}